{"id":5608,"date":"2025-07-18T14:33:49","date_gmt":"2025-07-18T12:33:49","guid":{"rendered":"https:\/\/www.maraboutiqueapartments.com\/contacta-con-nosotros\/"},"modified":"2026-03-09T17:54:26","modified_gmt":"2026-03-09T16:54:26","slug":"contacta-con-nosotros","status":"publish","type":"page","link":"https:\/\/www.maraboutiqueapartments.com\/es\/contacta-con-nosotros\/","title":{"rendered":"Contacta con nosotros"},"content":{"rendered":"\t\t<div data-elementor-type=\"wp-page\" data-elementor-id=\"5608\" class=\"elementor elementor-5608 elementor-1540\" data-elementor-post-type=\"page\">\n\t\t\t\t<div class=\"elementor-element elementor-element-ecb1ee7 e-con-full e-flex e-con e-parent\" data-id=\"ecb1ee7\" data-element_type=\"container\" data-e-type=\"container\" data-settings=\"{&quot;background_background&quot;:&quot;classic&quot;}\">\n\t\t<div class=\"elementor-element elementor-element-7dc74cc e-con-full e-flex e-con e-child\" data-id=\"7dc74cc\" data-element_type=\"container\" data-e-type=\"container\" data-settings=\"{&quot;background_background&quot;:&quot;classic&quot;}\">\n\t\t\t\t<\/div>\n\t\t<div class=\"elementor-element elementor-element-f325b59 e-con-full e-flex e-con e-child\" data-id=\"f325b59\" data-element_type=\"container\" data-e-type=\"container\">\n\t\t<div class=\"elementor-element elementor-element-45e0a35 e-con-full e-flex e-con e-child\" data-id=\"45e0a35\" data-element_type=\"container\" data-e-type=\"container\">\n\t\t\t\t<div class=\"elementor-element elementor-element-7ef0562 elementor-invisible elementor-widget elementor-widget-heading\" data-id=\"7ef0562\" data-element_type=\"widget\" data-e-type=\"widget\" data-settings=\"{&quot;_animation&quot;:&quot;fadeIn&quot;}\" data-widget_type=\"heading.default\">\n\t\t\t\t\t<h1 class=\"elementor-heading-title elementor-size-default\">Contacta con nosotros<\/h1>\t\t\t\t<\/div>\n\t\t\t\t<div class=\"elementor-element elementor-element-915dc35 elementor-widget__width-initial elementor-invisible elementor-widget elementor-widget-heading\" data-id=\"915dc35\" data-element_type=\"widget\" data-e-type=\"widget\" data-settings=\"{&quot;_animation&quot;:&quot;fadeIn&quot;}\" data-widget_type=\"heading.default\">\n\t\t\t\t\t<h2 class=\"elementor-heading-title elementor-size-default\">Ponte en contacto con <br>Estamos aqu\u00ed para ayudarte  <\/h2>\t\t\t\t<\/div>\n\t\t\t\t<div class=\"elementor-element elementor-element-c94eafb elementor-widget__width-initial elementor-invisible elementor-widget elementor-widget-heading\" data-id=\"c94eafb\" data-element_type=\"widget\" data-e-type=\"widget\" data-settings=\"{&quot;_animation&quot;:&quot;fadeIn&quot;}\" data-widget_type=\"heading.default\">\n\t\t\t\t\t<p class=\"elementor-heading-title elementor-size-default\">Descubre por qu\u00e9 tantos hu\u00e9spedes vuelven a los apartamentos mara una y otra vez. Nuestro equipo est\u00e1 a tu disposici\u00f3n para ayudarte en cada paso. \n\n<\/p>\t\t\t\t<\/div>\n\t\t\t\t<div class=\"elementor-element elementor-element-66f56d5 elementor-widget elementor-widget-button\" data-id=\"66f56d5\" data-element_type=\"widget\" data-e-type=\"widget\" data-widget_type=\"button.default\">\n\t\t\t\t\t\t\t\t\t\t<a class=\"elementor-button elementor-button-link elementor-size-sm\" href=\"https:\/\/www.maraboutiqueapartments.com\/es\/quienes-somos\/\">\n\t\t\t\t\t\t<span class=\"elementor-button-content-wrapper\">\n\t\t\t\t\t\t\t\t\t<span class=\"elementor-button-text\">Sobre Mara Boutique<\/span>\n\t\t\t\t\t<\/span>\n\t\t\t\t\t<\/a>\n\t\t\t\t\t\t\t\t<\/div>\n\t\t\t\t<\/div>\n\t\t\t\t<\/div>\n\t\t<div class=\"elementor-element elementor-element-ecea55e e-con-full e-flex e-con e-child\" data-id=\"ecea55e\" data-element_type=\"container\" data-e-type=\"container\">\n\t\t\t\t<div class=\"elementor-element elementor-element-4c9c169 elementor-widget__width-initial elementor-widget-mobile__width-initial e-transform elementor-widget elementor-widget-tp-info-box\" data-id=\"4c9c169\" data-element_type=\"widget\" data-e-type=\"widget\" data-settings=\"{&quot;_transform_scale_effect_hover&quot;:{&quot;unit&quot;:&quot;px&quot;,&quot;size&quot;:1.05,&quot;sizes&quot;:[]},&quot;_transform_scale_effect_hover_widescreen&quot;:{&quot;unit&quot;:&quot;px&quot;,&quot;size&quot;:&quot;&quot;,&quot;sizes&quot;:[]},&quot;_transform_scale_effect_hover_tablet&quot;:{&quot;unit&quot;:&quot;px&quot;,&quot;size&quot;:&quot;&quot;,&quot;sizes&quot;:[]},&quot;_transform_scale_effect_hover_mobile&quot;:{&quot;unit&quot;:&quot;px&quot;,&quot;size&quot;:&quot;&quot;,&quot;sizes&quot;:[]}}\" data-widget_type=\"tp-info-box.default\">\n\t\t\t\t\t<div id=\"info_box69ed99b4a01d4\" class=\"pt_plus_info_box  info_box69ed99b4a01d4 info-box-style_4     \"  data-id=\"info_box69ed99b4a01d4\" ><div class=\"post-inner-loop \"><div class=\"info-box-inner content_hover_effect \"><div class=\"info-box-bg-box  service-border-box\"><div class=\"\"><div class=\"service-media service-left \"><div class=\"service-icon-wrap\"><span class=\" service-icon  \"><svg xmlns=\"http:\/\/www.w3.org\/2000\/svg\" id=\"Layer_1\" viewBox=\"0 0 64 64\"><g><path d=\"m51.66 48.88-5.96-6.23c-.47-.49-1.11-.77-1.81-.76-.68 0-1.33.27-1.83.75l-2.12 2.03c-.42.4-1.05.41-1.42.03l-13.8-14.42c-.17-.18-.26-.42-.25-.68.01-.27.13-.54.34-.73l2.12-2.03c.5-.48.79-1.12.82-1.8.03-.69-.21-1.35-.68-1.84l-5.96-6.22c-.48-.5-1.18-.78-1.88-.76-.75.02-1.46.37-1.95.94l-4.09 4.8c-2.09 2.45-2.05 5.98.08 8.2l24.87 25.98c1.14 1.2 2.69 1.8 4.27 1.8 1.36 0 2.75-.45 3.92-1.37l4.97-3.87c.6-.47.97-1.16 1.03-1.91.06-.71-.19-1.4-.67-1.91zm-1.32 2.58-4.97 3.87c-1.9 1.48-4.52 1.36-6.09-.28l-24.87-25.97c-1.57-1.64-1.58-4.26-.02-6.1l4.09-4.8c.2-.24.5-.38.8-.39h.03c.26 0 .49.1.66.28l5.96 6.22c.17.18.26.42.25.68-.01.27-.13.54-.34.73l-2.12 2.03c-.5.48-.79 1.12-.82 1.8-.03.69.21 1.35.68 1.84l13.8 14.42c.97 1.01 2.6 1.01 3.64.02l2.12-2.03c.21-.2.47-.31.75-.31.26 0 .49.1.66.28l5.96 6.23c.18.19.26.44.25.71-.01.29-.17.58-.42.77z\"><\/path><path d=\"m29.76 7.62c6.36 1.04 10.69 7.06 9.65 13.42-.07.43.22.83.65.9.04.01.09.01.13.01.38 0 .71-.27.78-.66 1.18-7.21-3.73-14.04-10.95-15.22-.43-.07-.83.22-.9.65-.08.42.21.83.64.9z\"><\/path><path d=\"m28.63 11.67c2.1.34 3.94 1.48 5.18 3.21s1.73 3.83 1.39 5.94c-.07.43.22.83.65.9.04.01.09.01.13.01.38 0 .71-.27.78-.66.41-2.52-.18-5.04-1.67-7.11s-3.69-3.43-6.21-3.84c-.43-.07-.83.22-.9.65s.22.83.65.9z\"><\/path><path d=\"m27.26 15.9c2.31.38 3.87 2.56 3.5 4.86-.07.43.22.83.65.9.04.01.09.01.13.01.38 0 .71-.27.78-.66.52-3.16-1.63-6.15-4.8-6.67-.43-.07-.83.22-.9.65-.08.44.21.84.64.91z\"><\/path><\/g><\/svg><\/span><\/div><div class=\"service-content\"><a  ><div class=\"service-title \"> +34 686802471 <\/div><\/a><\/div><\/div><\/div><div class=\"infobox-overlay-color \"><\/div><\/div><\/div><\/div><\/div>\t\t\t\t<\/div>\n\t\t\t\t<div class=\"elementor-element elementor-element-835fe57 elementor-widget__width-initial elementor-widget-mobile__width-initial e-transform elementor-hidden-tablet elementor-hidden-mobile elementor-widget elementor-widget-tp-info-box\" data-id=\"835fe57\" data-element_type=\"widget\" data-e-type=\"widget\" data-settings=\"{&quot;_transform_scale_effect_hover&quot;:{&quot;unit&quot;:&quot;px&quot;,&quot;size&quot;:1.05,&quot;sizes&quot;:[]},&quot;_transform_scale_effect_hover_widescreen&quot;:{&quot;unit&quot;:&quot;px&quot;,&quot;size&quot;:&quot;&quot;,&quot;sizes&quot;:[]},&quot;_transform_scale_effect_hover_tablet&quot;:{&quot;unit&quot;:&quot;px&quot;,&quot;size&quot;:&quot;&quot;,&quot;sizes&quot;:[]},&quot;_transform_scale_effect_hover_mobile&quot;:{&quot;unit&quot;:&quot;px&quot;,&quot;size&quot;:&quot;&quot;,&quot;sizes&quot;:[]}}\" data-widget_type=\"tp-info-box.default\">\n\t\t\t\t\t<div id=\"info_box69ed99b4a0cde\" class=\"pt_plus_info_box  info_box69ed99b4a0cde info-box-style_4     \"  data-id=\"info_box69ed99b4a0cde\" ><div class=\"post-inner-loop \"><div class=\"info-box-inner content_hover_effect \"><div class=\"info-box-bg-box  service-border-box\"><div class=\"\"><div class=\"service-media service-left \"><div class=\"service-icon-wrap\"><span class=\" service-icon  \"><svg xmlns=\"http:\/\/www.w3.org\/2000\/svg\" id=\"Layer_2\" viewBox=\"-273 365 64 64\"><path d=\"m-269 406.5 20.6-12.4 3.4 2 3.4-2 15.8 9.4c.5-.4 1.1-.8 1.7-1.2l-15.6-9.4 18.7-11.2v19.4c.6-.1 1.3-.2 2-.2v-26h-52v36h42c0-.7.1-1.4.2-2h-40.2zm0-2.3v-22.4l18.7 11.2zm48-27.2v2.4l-24 14.4-24-14.4v-2.4z\"><\/path><path d=\"m-219 403c-4.4 0-8 3.6-8 8s3.6 8 8 8v-2c-3.3 0-6-2.7-6-6s2.7-6 6-6 6 2.7 6 6v5c0 .6-.4 1-1 1s-1-.4-1-1v-5c0-2.2-1.8-4-4-4s-4 1.8-4 4 1.8 4 4 4h2v1c0 1.7 1.3 3 3 3s3-1.3 3-3v-5c0-4.4-3.6-8-8-8zm2 10h-2c-1.1 0-2-.9-2-2s.9-2 2-2 2 .9 2 2z\"><\/path><\/svg><\/span><\/div><div class=\"service-content\"><a  ><div class=\"service-title \"> maraboutiqueapartments@gmail.com <\/div><\/a><\/div><\/div><\/div><div class=\"infobox-overlay-color \"><\/div><\/div><\/div><\/div><\/div>\t\t\t\t<\/div>\n\t\t\t\t<div class=\"elementor-element elementor-element-f129fff elementor-widget__width-initial elementor-widget-mobile__width-initial e-transform elementor-hidden-widescreen elementor-hidden-desktop elementor-widget elementor-widget-tp-info-box\" data-id=\"f129fff\" data-element_type=\"widget\" data-e-type=\"widget\" data-settings=\"{&quot;_transform_scale_effect_hover&quot;:{&quot;unit&quot;:&quot;px&quot;,&quot;size&quot;:1.05,&quot;sizes&quot;:[]},&quot;_transform_scale_effect_hover_widescreen&quot;:{&quot;unit&quot;:&quot;px&quot;,&quot;size&quot;:&quot;&quot;,&quot;sizes&quot;:[]},&quot;_transform_scale_effect_hover_tablet&quot;:{&quot;unit&quot;:&quot;px&quot;,&quot;size&quot;:&quot;&quot;,&quot;sizes&quot;:[]},&quot;_transform_scale_effect_hover_mobile&quot;:{&quot;unit&quot;:&quot;px&quot;,&quot;size&quot;:&quot;&quot;,&quot;sizes&quot;:[]}}\" data-widget_type=\"tp-info-box.default\">\n\t\t\t\t\t<div id=\"info_box69ed99b4a16ca\" class=\"pt_plus_info_box  info_box69ed99b4a16ca info-box-style_4     \"  data-id=\"info_box69ed99b4a16ca\" ><div class=\"post-inner-loop \"><div class=\"info-box-inner content_hover_effect \"><div class=\"info-box-bg-box  service-border-box\"><div class=\"\"><div class=\"service-media service-left \"><div class=\"service-icon-wrap\"><span class=\" service-icon  \"><svg xmlns=\"http:\/\/www.w3.org\/2000\/svg\" id=\"Layer_2\" viewBox=\"-273 365 64 64\"><path d=\"m-269 406.5 20.6-12.4 3.4 2 3.4-2 15.8 9.4c.5-.4 1.1-.8 1.7-1.2l-15.6-9.4 18.7-11.2v19.4c.6-.1 1.3-.2 2-.2v-26h-52v36h42c0-.7.1-1.4.2-2h-40.2zm0-2.3v-22.4l18.7 11.2zm48-27.2v2.4l-24 14.4-24-14.4v-2.4z\"><\/path><path d=\"m-219 403c-4.4 0-8 3.6-8 8s3.6 8 8 8v-2c-3.3 0-6-2.7-6-6s2.7-6 6-6 6 2.7 6 6v5c0 .6-.4 1-1 1s-1-.4-1-1v-5c0-2.2-1.8-4-4-4s-4 1.8-4 4 1.8 4 4 4h2v1c0 1.7 1.3 3 3 3s3-1.3 3-3v-5c0-4.4-3.6-8-8-8zm2 10h-2c-1.1 0-2-.9-2-2s.9-2 2-2 2 .9 2 2z\"><\/path><\/svg><\/span><\/div><div class=\"service-content\"><a  ><div class=\"service-title \"> maraboutiqueapartments<br>@gmail.com <\/div><\/a><\/div><\/div><\/div><div class=\"infobox-overlay-color \"><\/div><\/div><\/div><\/div><\/div>\t\t\t\t<\/div>\n\t\t\t\t<\/div>\n\t\t\t\t<\/div>\n\t\t\t\t<\/div>\n\t\t","protected":false},"excerpt":{"rendered":"<p>Contacta con nosotros Ponte en contacto con Estamos aqu\u00ed para ayudarte Descubre por qu\u00e9 tantos hu\u00e9spedes vuelven a los apartamentos mara una y otra vez. Nuestro equipo est\u00e1 a tu disposici\u00f3n para ayudarte en cada paso. Sobre Mara Boutique +34 686802471 maraboutiqueapartments@gmail.com maraboutiqueapartments@gmail.com<\/p>\n","protected":false},"author":2,"featured_media":0,"parent":0,"menu_order":0,"comment_status":"closed","ping_status":"closed","template":"","meta":{"_acf_changed":false,"_seopress_robots_primary_cat":"","_seopress_titles_title":"Contacto | Mara Boutique Apartments Benidorm","_seopress_titles_desc":"Ponte en contacto con Mara Boutique Apartments para cualquier consulta o reserva. Nuestro amable equipo est\u00e1 aqu\u00ed para ayudarte a que tu estancia sea inolvidable. ","_seopress_robots_index":"","_uag_custom_page_level_css":"","footnotes":""},"class_list":["post-5608","page","type-page","status-publish","hentry"],"acf":[],"uagb_featured_image_src":{"full":false,"thumbnail":false,"medium":false,"medium_large":false,"large":false,"1536x1536":false,"2048x2048":false,"tp-image-grid":false},"uagb_author_info":{"display_name":"Vanessa","author_link":"https:\/\/www.maraboutiqueapartments.com\/es\/author\/vanessa\/"},"uagb_comment_info":0,"uagb_excerpt":"Contacta con nosotros Ponte en contacto con Estamos aqu\u00ed para ayudarte Descubre por qu\u00e9 tantos hu\u00e9spedes vuelven a los apartamentos mara una y otra vez. Nuestro equipo est\u00e1 a tu disposici\u00f3n para ayudarte en cada paso. Sobre Mara Boutique +34 686802471 maraboutiqueapartments@gmail.com maraboutiqueapartments@gmail.com","_links":{"self":[{"href":"https:\/\/www.maraboutiqueapartments.com\/es\/wp-json\/wp\/v2\/pages\/5608","targetHints":{"allow":["GET"]}}],"collection":[{"href":"https:\/\/www.maraboutiqueapartments.com\/es\/wp-json\/wp\/v2\/pages"}],"about":[{"href":"https:\/\/www.maraboutiqueapartments.com\/es\/wp-json\/wp\/v2\/types\/page"}],"author":[{"embeddable":true,"href":"https:\/\/www.maraboutiqueapartments.com\/es\/wp-json\/wp\/v2\/users\/2"}],"replies":[{"embeddable":true,"href":"https:\/\/www.maraboutiqueapartments.com\/es\/wp-json\/wp\/v2\/comments?post=5608"}],"version-history":[{"count":5,"href":"https:\/\/www.maraboutiqueapartments.com\/es\/wp-json\/wp\/v2\/pages\/5608\/revisions"}],"predecessor-version":[{"id":8766,"href":"https:\/\/www.maraboutiqueapartments.com\/es\/wp-json\/wp\/v2\/pages\/5608\/revisions\/8766"}],"wp:attachment":[{"href":"https:\/\/www.maraboutiqueapartments.com\/es\/wp-json\/wp\/v2\/media?parent=5608"}],"curies":[{"name":"wp","href":"https:\/\/api.w.org\/{rel}","templated":true}]}}