{"id":5649,"date":"2025-07-23T18:00:11","date_gmt":"2025-07-23T16:00:11","guid":{"rendered":"https:\/\/www.maraboutiqueapartments.com\/galeria\/"},"modified":"2026-02-06T13:45:19","modified_gmt":"2026-02-06T12:45:19","slug":"galeria","status":"publish","type":"page","link":"https:\/\/www.maraboutiqueapartments.com\/es\/galeria\/","title":{"rendered":"Galer\u00eda"},"content":{"rendered":"\t\t<div data-elementor-type=\"wp-page\" data-elementor-id=\"5649\" class=\"elementor elementor-5649 elementor-2092\" data-elementor-post-type=\"page\">\n\t\t\t\t<div class=\"elementor-element elementor-element-f571e84 e-con-full e-flex e-con e-child\" data-id=\"f571e84\" data-element_type=\"container\" data-e-type=\"container\">\n\t\t\t\t<div class=\"elementor-element elementor-element-4a9581a elementor-invisible elementor-widget elementor-widget-heading\" data-id=\"4a9581a\" data-element_type=\"widget\" data-e-type=\"widget\" data-settings=\"{&quot;_animation&quot;:&quot;fadeIn&quot;}\" data-widget_type=\"heading.default\">\n\t\t\t\t\t<p class=\"elementor-heading-title elementor-size-default\">Echa un vistazo a nuestra galer\u00eda<\/p>\t\t\t\t<\/div>\n\t\t\t\t<div class=\"elementor-element elementor-element-656391b elementor-widget__width-initial elementor-invisible elementor-widget elementor-widget-heading\" data-id=\"656391b\" data-element_type=\"widget\" data-e-type=\"widget\" data-settings=\"{&quot;_animation&quot;:&quot;fadeIn&quot;}\" data-widget_type=\"heading.default\">\n\t\t\t\t\t<h1 class=\"elementor-heading-title elementor-size-default\">Mara Boutique Apartments Fotos<\/h1>\t\t\t\t<\/div>\n\t\t\t\t<div class=\"elementor-element elementor-element-6b8bf88 elementor-widget__width-initial elementor-widget-mobile__width-inherit elementor-invisible elementor-widget elementor-widget-heading\" data-id=\"6b8bf88\" data-element_type=\"widget\" data-e-type=\"widget\" data-settings=\"{&quot;_animation&quot;:&quot;fadeIn&quot;}\" data-widget_type=\"heading.default\">\n\t\t\t\t\t<p class=\"elementor-heading-title elementor-size-default\">Despi\u00e9rtate con el sonido de las olas y sal directamente a las emblem\u00e1ticas arenas doradas de Benidorm. Nuestros apartamentos est\u00e1n a un paso del animado paseo mar\u00edtimo, los restaurantes locales, las tiendas y los lugares de ocio: todo lo que necesitas para una inolvidable escapada junto al mar. <\/p>\t\t\t\t<\/div>\n\t\t\t\t<div class=\"elementor-element elementor-element-7881 elementor-widget elementor-widget-global elementor-global-7968 elementor-global-7881 elementor-widget-button\" data-id=\"7881\" data-element_type=\"widget\" data-e-type=\"widget\" aria-label=\"Start your online booking for Mara Boutique Apartments in Benidorm\" data-widget_type=\"button.default\">\n\t\t\t\t\t\t\t\t\t\t<a class=\"elementor-button elementor-button-link elementor-size-sm\" href=\"https:\/\/www.maraboutiqueapartments.com\/es\/reserva-online\/\">\n\t\t\t\t\t\t<span class=\"elementor-button-content-wrapper\">\n\t\t\t\t\t\t\t\t\t<span class=\"elementor-button-text\">Reserva Ahora<\/span>\n\t\t\t\t\t<\/span>\n\t\t\t\t\t<\/a>\n\t\t\t\t\t\t\t\t<\/div>\n\t\t\t\t<\/div>\n\t\t<div class=\"elementor-element elementor-element-4b756140 e-flex e-con-boxed e-con e-parent\" data-id=\"4b756140\" data-element_type=\"container\" data-e-type=\"container\">\n\t\t\t\t\t<div class=\"e-con-inner\">\n\t\t\t\t<div class=\"elementor-element elementor-element-69943ad4 elementor-widget elementor-widget-gallery\" data-id=\"69943ad4\" data-element_type=\"widget\" data-e-type=\"widget\" data-settings=\"{&quot;columns&quot;:3,&quot;gap&quot;:{&quot;unit&quot;:&quot;px&quot;,&quot;size&quot;:14,&quot;sizes&quot;:[]},&quot;aspect_ratio&quot;:&quot;4:3&quot;,&quot;lazyload&quot;:&quot;yes&quot;,&quot;gallery_layout&quot;:&quot;grid&quot;,&quot;columns_tablet&quot;:2,&quot;columns_mobile&quot;:1,&quot;gap_widescreen&quot;:{&quot;unit&quot;:&quot;px&quot;,&quot;size&quot;:&quot;&quot;,&quot;sizes&quot;:[]},&quot;gap_tablet&quot;:{&quot;unit&quot;:&quot;px&quot;,&quot;size&quot;:10,&quot;sizes&quot;:[]},&quot;gap_mobile&quot;:{&quot;unit&quot;:&quot;px&quot;,&quot;size&quot;:10,&quot;sizes&quot;:[]},&quot;link_to&quot;:&quot;file&quot;,&quot;overlay_background&quot;:&quot;yes&quot;,&quot;content_hover_animation&quot;:&quot;fade-in&quot;}\" data-widget_type=\"gallery.default\">\n\t\t\t\t\t\t\t<div class=\"elementor-gallery__container\">\n\t\t\t\t\t\t\t<a class=\"e-gallery-item elementor-gallery-item elementor-animated-content\" href=\"https:\/\/www.maraboutiqueapartments.com\/wp-content\/uploads\/2025\/08\/02.jpg\" data-elementor-open-lightbox=\"yes\" data-elementor-lightbox-slideshow=\"69943ad4\" data-elementor-lightbox-title=\"02\" data-e-action-hash=\"#elementor-action%3Aaction%3Dlightbox%26settings%3DeyJpZCI6NTM5MywidXJsIjoiaHR0cHM6XC9cL3d3dy5tYXJhYm91dGlxdWVhcGFydG1lbnRzLmNvbVwvd3AtY29udGVudFwvdXBsb2Fkc1wvMjAyNVwvMDhcLzAyLmpwZyIsInNsaWRlc2hvdyI6IjY5OTQzYWQ0In0%3D\">\n\t\t\t\t\t<div class=\"e-gallery-image elementor-gallery-item__image\" data-thumbnail=\"https:\/\/www.maraboutiqueapartments.com\/wp-content\/uploads\/2025\/08\/02.jpg\" data-width=\"2000\" data-height=\"1333\" aria-label=\"\" role=\"img\" ><\/div>\n\t\t\t\t\t\t\t\t\t\t\t<div class=\"elementor-gallery-item__overlay\"><\/div>\n\t\t\t\t\t\t\t\t\t\t\t\t\t\t<\/a>\n\t\t\t\t\t\t\t<a class=\"e-gallery-item elementor-gallery-item elementor-animated-content\" href=\"https:\/\/www.maraboutiqueapartments.com\/wp-content\/uploads\/2025\/08\/03.jpg\" data-elementor-open-lightbox=\"yes\" data-elementor-lightbox-slideshow=\"69943ad4\" data-elementor-lightbox-title=\"03\" data-e-action-hash=\"#elementor-action%3Aaction%3Dlightbox%26settings%3DeyJpZCI6NTM5NCwidXJsIjoiaHR0cHM6XC9cL3d3dy5tYXJhYm91dGlxdWVhcGFydG1lbnRzLmNvbVwvd3AtY29udGVudFwvdXBsb2Fkc1wvMjAyNVwvMDhcLzAzLmpwZyIsInNsaWRlc2hvdyI6IjY5OTQzYWQ0In0%3D\">\n\t\t\t\t\t<div class=\"e-gallery-image elementor-gallery-item__image\" data-thumbnail=\"https:\/\/www.maraboutiqueapartments.com\/wp-content\/uploads\/2025\/08\/03.jpg\" data-width=\"2000\" data-height=\"1333\" aria-label=\"\" role=\"img\" ><\/div>\n\t\t\t\t\t\t\t\t\t\t\t<div class=\"elementor-gallery-item__overlay\"><\/div>\n\t\t\t\t\t\t\t\t\t\t\t\t\t\t<\/a>\n\t\t\t\t\t\t\t<a class=\"e-gallery-item elementor-gallery-item elementor-animated-content\" href=\"https:\/\/www.maraboutiqueapartments.com\/wp-content\/uploads\/2025\/08\/04.jpg\" data-elementor-open-lightbox=\"yes\" data-elementor-lightbox-slideshow=\"69943ad4\" data-elementor-lightbox-title=\"04\" data-e-action-hash=\"#elementor-action%3Aaction%3Dlightbox%26settings%3DeyJpZCI6NTM5NSwidXJsIjoiaHR0cHM6XC9cL3d3dy5tYXJhYm91dGlxdWVhcGFydG1lbnRzLmNvbVwvd3AtY29udGVudFwvdXBsb2Fkc1wvMjAyNVwvMDhcLzA0LmpwZyIsInNsaWRlc2hvdyI6IjY5OTQzYWQ0In0%3D\">\n\t\t\t\t\t<div class=\"e-gallery-image elementor-gallery-item__image\" data-thumbnail=\"https:\/\/www.maraboutiqueapartments.com\/wp-content\/uploads\/2025\/08\/04.jpg\" data-width=\"2000\" data-height=\"1333\" aria-label=\"\" role=\"img\" ><\/div>\n\t\t\t\t\t\t\t\t\t\t\t<div class=\"elementor-gallery-item__overlay\"><\/div>\n\t\t\t\t\t\t\t\t\t\t\t\t\t\t<\/a>\n\t\t\t\t\t\t\t<a class=\"e-gallery-item elementor-gallery-item elementor-animated-content\" href=\"https:\/\/www.maraboutiqueapartments.com\/wp-content\/uploads\/2025\/08\/05.jpg\" data-elementor-open-lightbox=\"yes\" data-elementor-lightbox-slideshow=\"69943ad4\" data-elementor-lightbox-title=\"05\" data-e-action-hash=\"#elementor-action%3Aaction%3Dlightbox%26settings%3DeyJpZCI6NTM5NiwidXJsIjoiaHR0cHM6XC9cL3d3dy5tYXJhYm91dGlxdWVhcGFydG1lbnRzLmNvbVwvd3AtY29udGVudFwvdXBsb2Fkc1wvMjAyNVwvMDhcLzA1LmpwZyIsInNsaWRlc2hvdyI6IjY5OTQzYWQ0In0%3D\">\n\t\t\t\t\t<div class=\"e-gallery-image elementor-gallery-item__image\" data-thumbnail=\"https:\/\/www.maraboutiqueapartments.com\/wp-content\/uploads\/2025\/08\/05.jpg\" data-width=\"2000\" data-height=\"1333\" aria-label=\"\" role=\"img\" ><\/div>\n\t\t\t\t\t\t\t\t\t\t\t<div class=\"elementor-gallery-item__overlay\"><\/div>\n\t\t\t\t\t\t\t\t\t\t\t\t\t\t<\/a>\n\t\t\t\t\t\t\t<a class=\"e-gallery-item elementor-gallery-item elementor-animated-content\" href=\"https:\/\/www.maraboutiqueapartments.com\/wp-content\/uploads\/2025\/08\/01-min.jpg\" data-elementor-open-lightbox=\"yes\" data-elementor-lightbox-slideshow=\"69943ad4\" data-elementor-lightbox-title=\"01-min\" data-e-action-hash=\"#elementor-action%3Aaction%3Dlightbox%26settings%3DeyJpZCI6NTM5NywidXJsIjoiaHR0cHM6XC9cL3d3dy5tYXJhYm91dGlxdWVhcGFydG1lbnRzLmNvbVwvd3AtY29udGVudFwvdXBsb2Fkc1wvMjAyNVwvMDhcLzAxLW1pbi5qcGciLCJzbGlkZXNob3ciOiI2OTk0M2FkNCJ9\">\n\t\t\t\t\t<div class=\"e-gallery-image elementor-gallery-item__image\" data-thumbnail=\"https:\/\/www.maraboutiqueapartments.com\/wp-content\/uploads\/2025\/08\/01-min.jpg\" data-width=\"2000\" data-height=\"1333\" aria-label=\"\" role=\"img\" ><\/div>\n\t\t\t\t\t\t\t\t\t\t\t<div class=\"elementor-gallery-item__overlay\"><\/div>\n\t\t\t\t\t\t\t\t\t\t\t\t\t\t<\/a>\n\t\t\t\t\t\t\t<a class=\"e-gallery-item elementor-gallery-item elementor-animated-content\" href=\"https:\/\/www.maraboutiqueapartments.com\/wp-content\/uploads\/2025\/08\/02-min.jpg\" data-elementor-open-lightbox=\"yes\" data-elementor-lightbox-slideshow=\"69943ad4\" data-elementor-lightbox-title=\"02-min\" data-e-action-hash=\"#elementor-action%3Aaction%3Dlightbox%26settings%3DeyJpZCI6NTM5OCwidXJsIjoiaHR0cHM6XC9cL3d3dy5tYXJhYm91dGlxdWVhcGFydG1lbnRzLmNvbVwvd3AtY29udGVudFwvdXBsb2Fkc1wvMjAyNVwvMDhcLzAyLW1pbi5qcGciLCJzbGlkZXNob3ciOiI2OTk0M2FkNCJ9\">\n\t\t\t\t\t<div class=\"e-gallery-image elementor-gallery-item__image\" data-thumbnail=\"https:\/\/www.maraboutiqueapartments.com\/wp-content\/uploads\/2025\/08\/02-min.jpg\" data-width=\"2000\" data-height=\"1333\" aria-label=\"\" role=\"img\" ><\/div>\n\t\t\t\t\t\t\t\t\t\t\t<div class=\"elementor-gallery-item__overlay\"><\/div>\n\t\t\t\t\t\t\t\t\t\t\t\t\t\t<\/a>\n\t\t\t\t\t\t\t<a class=\"e-gallery-item elementor-gallery-item elementor-animated-content\" href=\"https:\/\/www.maraboutiqueapartments.com\/wp-content\/uploads\/2025\/08\/03-min.jpg\" data-elementor-open-lightbox=\"yes\" data-elementor-lightbox-slideshow=\"69943ad4\" data-elementor-lightbox-title=\"03-min\" data-e-action-hash=\"#elementor-action%3Aaction%3Dlightbox%26settings%3DeyJpZCI6NTM5OSwidXJsIjoiaHR0cHM6XC9cL3d3dy5tYXJhYm91dGlxdWVhcGFydG1lbnRzLmNvbVwvd3AtY29udGVudFwvdXBsb2Fkc1wvMjAyNVwvMDhcLzAzLW1pbi5qcGciLCJzbGlkZXNob3ciOiI2OTk0M2FkNCJ9\">\n\t\t\t\t\t<div class=\"e-gallery-image elementor-gallery-item__image\" data-thumbnail=\"https:\/\/www.maraboutiqueapartments.com\/wp-content\/uploads\/2025\/08\/03-min.jpg\" data-width=\"2000\" data-height=\"1333\" aria-label=\"\" role=\"img\" ><\/div>\n\t\t\t\t\t\t\t\t\t\t\t<div class=\"elementor-gallery-item__overlay\"><\/div>\n\t\t\t\t\t\t\t\t\t\t\t\t\t\t<\/a>\n\t\t\t\t\t\t\t<a class=\"e-gallery-item elementor-gallery-item elementor-animated-content\" href=\"https:\/\/www.maraboutiqueapartments.com\/wp-content\/uploads\/2025\/08\/04-min.jpg\" data-elementor-open-lightbox=\"yes\" data-elementor-lightbox-slideshow=\"69943ad4\" data-elementor-lightbox-title=\"04-min\" data-e-action-hash=\"#elementor-action%3Aaction%3Dlightbox%26settings%3DeyJpZCI6NTQwMCwidXJsIjoiaHR0cHM6XC9cL3d3dy5tYXJhYm91dGlxdWVhcGFydG1lbnRzLmNvbVwvd3AtY29udGVudFwvdXBsb2Fkc1wvMjAyNVwvMDhcLzA0LW1pbi5qcGciLCJzbGlkZXNob3ciOiI2OTk0M2FkNCJ9\">\n\t\t\t\t\t<div class=\"e-gallery-image elementor-gallery-item__image\" data-thumbnail=\"https:\/\/www.maraboutiqueapartments.com\/wp-content\/uploads\/2025\/08\/04-min.jpg\" data-width=\"2000\" data-height=\"1333\" aria-label=\"\" role=\"img\" ><\/div>\n\t\t\t\t\t\t\t\t\t\t\t<div class=\"elementor-gallery-item__overlay\"><\/div>\n\t\t\t\t\t\t\t\t\t\t\t\t\t\t<\/a>\n\t\t\t\t\t\t\t<a class=\"e-gallery-item elementor-gallery-item elementor-animated-content\" href=\"https:\/\/www.maraboutiqueapartments.com\/wp-content\/uploads\/2025\/08\/05-min.jpg\" data-elementor-open-lightbox=\"yes\" data-elementor-lightbox-slideshow=\"69943ad4\" data-elementor-lightbox-title=\"05-min\" data-e-action-hash=\"#elementor-action%3Aaction%3Dlightbox%26settings%3DeyJpZCI6NTQwMSwidXJsIjoiaHR0cHM6XC9cL3d3dy5tYXJhYm91dGlxdWVhcGFydG1lbnRzLmNvbVwvd3AtY29udGVudFwvdXBsb2Fkc1wvMjAyNVwvMDhcLzA1LW1pbi5qcGciLCJzbGlkZXNob3ciOiI2OTk0M2FkNCJ9\">\n\t\t\t\t\t<div class=\"e-gallery-image elementor-gallery-item__image\" data-thumbnail=\"https:\/\/www.maraboutiqueapartments.com\/wp-content\/uploads\/2025\/08\/05-min.jpg\" data-width=\"2000\" data-height=\"1333\" aria-label=\"\" role=\"img\" ><\/div>\n\t\t\t\t\t\t\t\t\t\t\t<div class=\"elementor-gallery-item__overlay\"><\/div>\n\t\t\t\t\t\t\t\t\t\t\t\t\t\t<\/a>\n\t\t\t\t\t\t\t<a class=\"e-gallery-item elementor-gallery-item elementor-animated-content\" href=\"https:\/\/www.maraboutiqueapartments.com\/wp-content\/uploads\/2025\/08\/06-min.jpg\" data-elementor-open-lightbox=\"yes\" data-elementor-lightbox-slideshow=\"69943ad4\" data-elementor-lightbox-title=\"06-min\" data-e-action-hash=\"#elementor-action%3Aaction%3Dlightbox%26settings%3DeyJpZCI6NTQwMiwidXJsIjoiaHR0cHM6XC9cL3d3dy5tYXJhYm91dGlxdWVhcGFydG1lbnRzLmNvbVwvd3AtY29udGVudFwvdXBsb2Fkc1wvMjAyNVwvMDhcLzA2LW1pbi5qcGciLCJzbGlkZXNob3ciOiI2OTk0M2FkNCJ9\">\n\t\t\t\t\t<div class=\"e-gallery-image elementor-gallery-item__image\" data-thumbnail=\"https:\/\/www.maraboutiqueapartments.com\/wp-content\/uploads\/2025\/08\/06-min.jpg\" data-width=\"2000\" data-height=\"1333\" aria-label=\"\" role=\"img\" ><\/div>\n\t\t\t\t\t\t\t\t\t\t\t<div class=\"elementor-gallery-item__overlay\"><\/div>\n\t\t\t\t\t\t\t\t\t\t\t\t\t\t<\/a>\n\t\t\t\t\t\t\t<a class=\"e-gallery-item elementor-gallery-item elementor-animated-content\" href=\"https:\/\/www.maraboutiqueapartments.com\/wp-content\/uploads\/2025\/08\/07-min.jpg\" data-elementor-open-lightbox=\"yes\" data-elementor-lightbox-slideshow=\"69943ad4\" data-elementor-lightbox-title=\"07-min\" data-e-action-hash=\"#elementor-action%3Aaction%3Dlightbox%26settings%3DeyJpZCI6NTQwMywidXJsIjoiaHR0cHM6XC9cL3d3dy5tYXJhYm91dGlxdWVhcGFydG1lbnRzLmNvbVwvd3AtY29udGVudFwvdXBsb2Fkc1wvMjAyNVwvMDhcLzA3LW1pbi5qcGciLCJzbGlkZXNob3ciOiI2OTk0M2FkNCJ9\">\n\t\t\t\t\t<div class=\"e-gallery-image elementor-gallery-item__image\" data-thumbnail=\"https:\/\/www.maraboutiqueapartments.com\/wp-content\/uploads\/2025\/08\/07-min.jpg\" data-width=\"2000\" data-height=\"1333\" aria-label=\"\" role=\"img\" ><\/div>\n\t\t\t\t\t\t\t\t\t\t\t<div class=\"elementor-gallery-item__overlay\"><\/div>\n\t\t\t\t\t\t\t\t\t\t\t\t\t\t<\/a>\n\t\t\t\t\t\t\t<a class=\"e-gallery-item elementor-gallery-item elementor-animated-content\" href=\"https:\/\/www.maraboutiqueapartments.com\/wp-content\/uploads\/2025\/08\/08-min.jpg\" data-elementor-open-lightbox=\"yes\" data-elementor-lightbox-slideshow=\"69943ad4\" data-elementor-lightbox-title=\"08-min\" data-e-action-hash=\"#elementor-action%3Aaction%3Dlightbox%26settings%3DeyJpZCI6NTQwNCwidXJsIjoiaHR0cHM6XC9cL3d3dy5tYXJhYm91dGlxdWVhcGFydG1lbnRzLmNvbVwvd3AtY29udGVudFwvdXBsb2Fkc1wvMjAyNVwvMDhcLzA4LW1pbi5qcGciLCJzbGlkZXNob3ciOiI2OTk0M2FkNCJ9\">\n\t\t\t\t\t<div class=\"e-gallery-image elementor-gallery-item__image\" data-thumbnail=\"https:\/\/www.maraboutiqueapartments.com\/wp-content\/uploads\/2025\/08\/08-min.jpg\" data-width=\"2000\" data-height=\"1333\" aria-label=\"\" role=\"img\" ><\/div>\n\t\t\t\t\t\t\t\t\t\t\t<div class=\"elementor-gallery-item__overlay\"><\/div>\n\t\t\t\t\t\t\t\t\t\t\t\t\t\t<\/a>\n\t\t\t\t\t\t\t<a class=\"e-gallery-item elementor-gallery-item elementor-animated-content\" href=\"https:\/\/www.maraboutiqueapartments.com\/wp-content\/uploads\/2025\/08\/09-min.jpg\" data-elementor-open-lightbox=\"yes\" data-elementor-lightbox-slideshow=\"69943ad4\" data-elementor-lightbox-title=\"09-min\" data-e-action-hash=\"#elementor-action%3Aaction%3Dlightbox%26settings%3DeyJpZCI6NTQwNSwidXJsIjoiaHR0cHM6XC9cL3d3dy5tYXJhYm91dGlxdWVhcGFydG1lbnRzLmNvbVwvd3AtY29udGVudFwvdXBsb2Fkc1wvMjAyNVwvMDhcLzA5LW1pbi5qcGciLCJzbGlkZXNob3ciOiI2OTk0M2FkNCJ9\">\n\t\t\t\t\t<div class=\"e-gallery-image elementor-gallery-item__image\" data-thumbnail=\"https:\/\/www.maraboutiqueapartments.com\/wp-content\/uploads\/2025\/08\/09-min.jpg\" data-width=\"2000\" data-height=\"1333\" aria-label=\"\" role=\"img\" ><\/div>\n\t\t\t\t\t\t\t\t\t\t\t<div class=\"elementor-gallery-item__overlay\"><\/div>\n\t\t\t\t\t\t\t\t\t\t\t\t\t\t<\/a>\n\t\t\t\t\t\t\t<a class=\"e-gallery-item elementor-gallery-item elementor-animated-content\" href=\"https:\/\/www.maraboutiqueapartments.com\/wp-content\/uploads\/2025\/08\/10-min.jpg\" data-elementor-open-lightbox=\"yes\" data-elementor-lightbox-slideshow=\"69943ad4\" data-elementor-lightbox-title=\"10 minutos\" data-e-action-hash=\"#elementor-action%3Aaction%3Dlightbox%26settings%3DeyJpZCI6NTQwNiwidXJsIjoiaHR0cHM6XC9cL3d3dy5tYXJhYm91dGlxdWVhcGFydG1lbnRzLmNvbVwvd3AtY29udGVudFwvdXBsb2Fkc1wvMjAyNVwvMDhcLzEwLW1pbi5qcGciLCJzbGlkZXNob3ciOiI2OTk0M2FkNCJ9\">\n\t\t\t\t\t<div class=\"e-gallery-image elementor-gallery-item__image\" data-thumbnail=\"https:\/\/www.maraboutiqueapartments.com\/wp-content\/uploads\/2025\/08\/10-min.jpg\" data-width=\"2000\" data-height=\"1333\" aria-label=\"\" role=\"img\" ><\/div>\n\t\t\t\t\t\t\t\t\t\t\t<div class=\"elementor-gallery-item__overlay\"><\/div>\n\t\t\t\t\t\t\t\t\t\t\t\t\t\t<\/a>\n\t\t\t\t\t\t\t<a class=\"e-gallery-item elementor-gallery-item elementor-animated-content\" href=\"https:\/\/www.maraboutiqueapartments.com\/wp-content\/uploads\/2025\/08\/11-min.jpg\" data-elementor-open-lightbox=\"yes\" data-elementor-lightbox-slideshow=\"69943ad4\" data-elementor-lightbox-title=\"11 minutos\" data-e-action-hash=\"#elementor-action%3Aaction%3Dlightbox%26settings%3DeyJpZCI6NTQwNywidXJsIjoiaHR0cHM6XC9cL3d3dy5tYXJhYm91dGlxdWVhcGFydG1lbnRzLmNvbVwvd3AtY29udGVudFwvdXBsb2Fkc1wvMjAyNVwvMDhcLzExLW1pbi5qcGciLCJzbGlkZXNob3ciOiI2OTk0M2FkNCJ9\">\n\t\t\t\t\t<div class=\"e-gallery-image elementor-gallery-item__image\" data-thumbnail=\"https:\/\/www.maraboutiqueapartments.com\/wp-content\/uploads\/2025\/08\/11-min.jpg\" data-width=\"2000\" data-height=\"1333\" aria-label=\"\" role=\"img\" ><\/div>\n\t\t\t\t\t\t\t\t\t\t\t<div class=\"elementor-gallery-item__overlay\"><\/div>\n\t\t\t\t\t\t\t\t\t\t\t\t\t\t<\/a>\n\t\t\t\t\t\t\t<a class=\"e-gallery-item elementor-gallery-item elementor-animated-content\" href=\"https:\/\/www.maraboutiqueapartments.com\/wp-content\/uploads\/2025\/08\/12-min.jpg\" data-elementor-open-lightbox=\"yes\" data-elementor-lightbox-slideshow=\"69943ad4\" data-elementor-lightbox-title=\"12 minutos\" data-e-action-hash=\"#elementor-action%3Aaction%3Dlightbox%26settings%3DeyJpZCI6NTQwOCwidXJsIjoiaHR0cHM6XC9cL3d3dy5tYXJhYm91dGlxdWVhcGFydG1lbnRzLmNvbVwvd3AtY29udGVudFwvdXBsb2Fkc1wvMjAyNVwvMDhcLzEyLW1pbi5qcGciLCJzbGlkZXNob3ciOiI2OTk0M2FkNCJ9\">\n\t\t\t\t\t<div class=\"e-gallery-image elementor-gallery-item__image\" data-thumbnail=\"https:\/\/www.maraboutiqueapartments.com\/wp-content\/uploads\/2025\/08\/12-min.jpg\" data-width=\"2000\" data-height=\"1333\" aria-label=\"\" role=\"img\" ><\/div>\n\t\t\t\t\t\t\t\t\t\t\t<div class=\"elementor-gallery-item__overlay\"><\/div>\n\t\t\t\t\t\t\t\t\t\t\t\t\t\t<\/a>\n\t\t\t\t\t\t\t<a class=\"e-gallery-item elementor-gallery-item elementor-animated-content\" href=\"https:\/\/www.maraboutiqueapartments.com\/wp-content\/uploads\/2025\/08\/13-min.jpg\" data-elementor-open-lightbox=\"yes\" data-elementor-lightbox-slideshow=\"69943ad4\" data-elementor-lightbox-title=\"13 minutos\" data-e-action-hash=\"#elementor-action%3Aaction%3Dlightbox%26settings%3DeyJpZCI6NTQwOSwidXJsIjoiaHR0cHM6XC9cL3d3dy5tYXJhYm91dGlxdWVhcGFydG1lbnRzLmNvbVwvd3AtY29udGVudFwvdXBsb2Fkc1wvMjAyNVwvMDhcLzEzLW1pbi5qcGciLCJzbGlkZXNob3ciOiI2OTk0M2FkNCJ9\">\n\t\t\t\t\t<div class=\"e-gallery-image elementor-gallery-item__image\" data-thumbnail=\"https:\/\/www.maraboutiqueapartments.com\/wp-content\/uploads\/2025\/08\/13-min.jpg\" data-width=\"2000\" data-height=\"1333\" aria-label=\"\" role=\"img\" ><\/div>\n\t\t\t\t\t\t\t\t\t\t\t<div class=\"elementor-gallery-item__overlay\"><\/div>\n\t\t\t\t\t\t\t\t\t\t\t\t\t\t<\/a>\n\t\t\t\t\t\t\t<a class=\"e-gallery-item elementor-gallery-item elementor-animated-content\" href=\"https:\/\/www.maraboutiqueapartments.com\/wp-content\/uploads\/2025\/08\/14-min.jpg\" data-elementor-open-lightbox=\"yes\" data-elementor-lightbox-slideshow=\"69943ad4\" data-elementor-lightbox-title=\"14 minutos\" data-e-action-hash=\"#elementor-action%3Aaction%3Dlightbox%26settings%3DeyJpZCI6NTQxMCwidXJsIjoiaHR0cHM6XC9cL3d3dy5tYXJhYm91dGlxdWVhcGFydG1lbnRzLmNvbVwvd3AtY29udGVudFwvdXBsb2Fkc1wvMjAyNVwvMDhcLzE0LW1pbi5qcGciLCJzbGlkZXNob3ciOiI2OTk0M2FkNCJ9\">\n\t\t\t\t\t<div class=\"e-gallery-image elementor-gallery-item__image\" data-thumbnail=\"https:\/\/www.maraboutiqueapartments.com\/wp-content\/uploads\/2025\/08\/14-min.jpg\" data-width=\"2000\" data-height=\"1333\" aria-label=\"\" role=\"img\" ><\/div>\n\t\t\t\t\t\t\t\t\t\t\t<div class=\"elementor-gallery-item__overlay\"><\/div>\n\t\t\t\t\t\t\t\t\t\t\t\t\t\t<\/a>\n\t\t\t\t\t\t\t<a class=\"e-gallery-item elementor-gallery-item elementor-animated-content\" href=\"https:\/\/www.maraboutiqueapartments.com\/wp-content\/uploads\/2025\/08\/15-min.jpg\" data-elementor-open-lightbox=\"yes\" data-elementor-lightbox-slideshow=\"69943ad4\" data-elementor-lightbox-title=\"15 minutos\" data-e-action-hash=\"#elementor-action%3Aaction%3Dlightbox%26settings%3DeyJpZCI6NTQxMSwidXJsIjoiaHR0cHM6XC9cL3d3dy5tYXJhYm91dGlxdWVhcGFydG1lbnRzLmNvbVwvd3AtY29udGVudFwvdXBsb2Fkc1wvMjAyNVwvMDhcLzE1LW1pbi5qcGciLCJzbGlkZXNob3ciOiI2OTk0M2FkNCJ9\">\n\t\t\t\t\t<div class=\"e-gallery-image elementor-gallery-item__image\" data-thumbnail=\"https:\/\/www.maraboutiqueapartments.com\/wp-content\/uploads\/2025\/08\/15-min.jpg\" data-width=\"2000\" data-height=\"1333\" aria-label=\"\" role=\"img\" ><\/div>\n\t\t\t\t\t\t\t\t\t\t\t<div class=\"elementor-gallery-item__overlay\"><\/div>\n\t\t\t\t\t\t\t\t\t\t\t\t\t\t<\/a>\n\t\t\t\t\t\t\t<a class=\"e-gallery-item elementor-gallery-item elementor-animated-content\" href=\"https:\/\/www.maraboutiqueapartments.com\/wp-content\/uploads\/2025\/08\/16-min.jpg\" data-elementor-open-lightbox=\"yes\" data-elementor-lightbox-slideshow=\"69943ad4\" data-elementor-lightbox-title=\"16 minutos\" data-e-action-hash=\"#elementor-action%3Aaction%3Dlightbox%26settings%3DeyJpZCI6NTQxMiwidXJsIjoiaHR0cHM6XC9cL3d3dy5tYXJhYm91dGlxdWVhcGFydG1lbnRzLmNvbVwvd3AtY29udGVudFwvdXBsb2Fkc1wvMjAyNVwvMDhcLzE2LW1pbi5qcGciLCJzbGlkZXNob3ciOiI2OTk0M2FkNCJ9\">\n\t\t\t\t\t<div class=\"e-gallery-image elementor-gallery-item__image\" data-thumbnail=\"https:\/\/www.maraboutiqueapartments.com\/wp-content\/uploads\/2025\/08\/16-min.jpg\" data-width=\"2000\" data-height=\"1333\" aria-label=\"\" role=\"img\" ><\/div>\n\t\t\t\t\t\t\t\t\t\t\t<div class=\"elementor-gallery-item__overlay\"><\/div>\n\t\t\t\t\t\t\t\t\t\t\t\t\t\t<\/a>\n\t\t\t\t\t<\/div>\n\t\t\t\t\t<\/div>\n\t\t\t\t\t<\/div>\n\t\t\t\t<\/div>\n\t\t\t\t<\/div>\n\t\t","protected":false},"excerpt":{"rendered":"<p>Echa un vistazo a nuestra galer\u00eda Mara Boutique Apartments Fotos Despi\u00e9rtate con el sonido de las olas y sal directamente a las emblem\u00e1ticas arenas doradas de Benidorm. Nuestros apartamentos est\u00e1n a un paso del animado paseo mar\u00edtimo, los restaurantes locales, las tiendas y los lugares de ocio: todo lo que necesitas para una inolvidable escapada [&hellip;]<\/p>\n","protected":false},"author":2,"featured_media":0,"parent":0,"menu_order":0,"comment_status":"closed","ping_status":"closed","template":"","meta":{"_acf_changed":false,"_seopress_robots_primary_cat":"","_seopress_titles_title":"Galer\u00eda | Mara Boutique Apartamentos Benidorm","_seopress_titles_desc":"Descubre los Apartamentos Boutique Mara con esta Galer\u00eda, donde el lujo se une a la comodidad. Explora los impresionantes interiores y reserva hoy mismo tu escapada perfecta. ","_seopress_robots_index":"","_uag_custom_page_level_css":"","footnotes":""},"class_list":["post-5649","page","type-page","status-publish","hentry"],"acf":[],"uagb_featured_image_src":{"full":false,"thumbnail":false,"medium":false,"medium_large":false,"large":false,"1536x1536":false,"2048x2048":false,"tp-image-grid":false},"uagb_author_info":{"display_name":"Vanessa","author_link":"https:\/\/www.maraboutiqueapartments.com\/es\/author\/vanessa\/"},"uagb_comment_info":0,"uagb_excerpt":"Echa un vistazo a nuestra galer\u00eda Mara Boutique Apartments Fotos Despi\u00e9rtate con el sonido de las olas y sal directamente a las emblem\u00e1ticas arenas doradas de Benidorm. Nuestros apartamentos est\u00e1n a un paso del animado paseo mar\u00edtimo, los restaurantes locales, las tiendas y los lugares de ocio: todo lo que necesitas para una inolvidable escapada&hellip;","_links":{"self":[{"href":"https:\/\/www.maraboutiqueapartments.com\/es\/wp-json\/wp\/v2\/pages\/5649","targetHints":{"allow":["GET"]}}],"collection":[{"href":"https:\/\/www.maraboutiqueapartments.com\/es\/wp-json\/wp\/v2\/pages"}],"about":[{"href":"https:\/\/www.maraboutiqueapartments.com\/es\/wp-json\/wp\/v2\/types\/page"}],"author":[{"embeddable":true,"href":"https:\/\/www.maraboutiqueapartments.com\/es\/wp-json\/wp\/v2\/users\/2"}],"replies":[{"embeddable":true,"href":"https:\/\/www.maraboutiqueapartments.com\/es\/wp-json\/wp\/v2\/comments?post=5649"}],"version-history":[{"count":4,"href":"https:\/\/www.maraboutiqueapartments.com\/es\/wp-json\/wp\/v2\/pages\/5649\/revisions"}],"predecessor-version":[{"id":8192,"href":"https:\/\/www.maraboutiqueapartments.com\/es\/wp-json\/wp\/v2\/pages\/5649\/revisions\/8192"}],"wp:attachment":[{"href":"https:\/\/www.maraboutiqueapartments.com\/es\/wp-json\/wp\/v2\/media?parent=5649"}],"curies":[{"name":"wp","href":"https:\/\/api.w.org\/{rel}","templated":true}]}}