{"id":5650,"date":"2025-09-15T12:12:35","date_gmt":"2025-09-15T10:12:35","guid":{"rendered":"https:\/\/www.maraboutiqueapartments.com\/terminos-y-condiciones\/"},"modified":"2025-11-05T04:44:59","modified_gmt":"2025-11-05T03:44:59","slug":"terminos-y-condiciones","status":"publish","type":"page","link":"https:\/\/www.maraboutiqueapartments.com\/es\/terminos-y-condiciones\/","title":{"rendered":"T\u00e9rminos y condiciones"},"content":{"rendered":"\t\t<div data-elementor-type=\"wp-page\" data-elementor-id=\"5650\" class=\"elementor elementor-5650 elementor-4767\" data-elementor-post-type=\"page\">\n\t\t\t\t<div class=\"elementor-element elementor-element-27f0c692 e-flex e-con-boxed e-con e-parent\" data-id=\"27f0c692\" data-element_type=\"container\" data-e-type=\"container\">\n\t\t\t\t\t<div class=\"e-con-inner\">\n\t\t\t\t<div class=\"elementor-element elementor-element-659ab0a4 text-flex-start elementor-widget__width-initial elementor-widget elementor-widget-tp-breadcrumbs-bar\" data-id=\"659ab0a4\" data-element_type=\"widget\" data-e-type=\"widget\" data-widget_type=\"tp-breadcrumbs-bar.default\">\n\t\t\t\t\t<div id=\"bread69ede9931f7ac\" class=\"pt_plus_breadcrumbs_bar \"  \"><div class=\"pt_plus_breadcrumbs_bar_inner bred_style_1\"><nav id=\"breadcrumbs\"><span class=\"bc_home\"><a class=\"home_bread_tab\" href=\"https:\/\/www.maraboutiqueapartments.com\/es\/\/\"><img decoding=\"async\" class=\"bread-home-img\" src=\"https:\/\/www.maraboutiqueapartments.com\/wp-content\/uploads\/2025\/07\/imagomara.svg\" \/>Apartamentos Mara<i class=\" fa fa-chevron-right bread-sep-icon\" ><\/i><\/a><\/span> <span class=\"del\"><\/span> <span class=\"current_active\"><div class=\"current_tab_sec\">P\u00e1gina<\/div><\/span><\/nav><\/div><\/div>\t\t\t\t<\/div>\n\t\t<div class=\"elementor-element elementor-element-79137824 e-con-full e-flex e-con e-child\" data-id=\"79137824\" data-element_type=\"container\" data-e-type=\"container\">\n\t\t\t\t<\/div>\n\t\t\t\t\t<\/div>\n\t\t\t\t<\/div>\n\t\t<div class=\"elementor-element elementor-element-4a11f113 e-flex e-con-boxed e-con e-parent\" data-id=\"4a11f113\" data-element_type=\"container\" data-e-type=\"container\">\n\t\t\t\t\t<div class=\"e-con-inner\">\n\t\t<div class=\"elementor-element elementor-element-fc3fc41 e-con-full e-flex e-con e-child\" data-id=\"fc3fc41\" data-element_type=\"container\" data-e-type=\"container\" data-settings=\"{&quot;background_background&quot;:&quot;classic&quot;}\">\n\t\t\t\t<\/div>\n\t\t\t\t\t<\/div>\n\t\t\t\t<\/div>\n\t\t<div class=\"elementor-element elementor-element-3e018e3d e-flex e-con-boxed e-con e-parent\" data-id=\"3e018e3d\" data-element_type=\"container\" data-e-type=\"container\" data-settings=\"{&quot;background_background&quot;:&quot;classic&quot;}\">\n\t\t\t\t\t<div class=\"e-con-inner\">\n\t\t<div class=\"elementor-element elementor-element-179cfd1b e-con-full e-flex e-con e-child\" data-id=\"179cfd1b\" data-element_type=\"container\" data-e-type=\"container\" data-settings=\"{&quot;background_background&quot;:&quot;classic&quot;}\">\n\t\t<div class=\"elementor-element elementor-element-39732b87 e-con-full e-flex e-con e-child\" data-id=\"39732b87\" data-element_type=\"container\" data-e-type=\"container\">\n\t\t\t\t<div class=\"elementor-element elementor-element-149c3d30 elementor-widget-widescreen__width-inherit elementor-invisible elementor-widget elementor-widget-heading\" data-id=\"149c3d30\" data-element_type=\"widget\" data-e-type=\"widget\" data-settings=\"{&quot;_animation&quot;:&quot;fadeIn&quot;}\" data-widget_type=\"heading.default\">\n\t\t\t\t\t<p class=\"elementor-heading-title elementor-size-default\">Apartamentos Mara Benidorm<\/p>\t\t\t\t<\/div>\n\t\t<div class=\"elementor-element elementor-element-1697ccb7 e-con-full e-flex e-con e-child\" data-id=\"1697ccb7\" data-element_type=\"container\" data-e-type=\"container\">\n\t\t\t\t<div class=\"elementor-element elementor-element-2d90757c elementor-widget__width-auto elementor-widget elementor-widget-tp-button\" data-id=\"2d90757c\" data-element_type=\"widget\" data-e-type=\"widget\" data-widget_type=\"tp-button.default\">\n\t\t\t\t\t<div class=\"pt-plus-button-wrapper   text-center \"><div class=\"button_parallax \"><div id=\"button69ede99326f15\"  class=\" text-center ts-button content_hover_effect  hover-effect69ede99326ef5 content_hover_grow_shadow \" data-hover_uniqid=\"hover-effect69ede99326ef5\"  data-hover_shadow=\"#0000001F\"  data-content_hover_effects=\"grow_shadow\" ><div class=\"pt_plus_button btn69ede99326f14 button-style-10   \"  ><div class=\"animted-content-inner \"><a href=\"\/\" class=\"button-link-wrap \" role=\"button\" data-hover=\"Explora los apartamentos Mara\"  >Explora los apartamentos Mara<\/a><\/div><\/div><\/div><\/div><\/div>\t\t\t\t<\/div>\n\t\t\t\t<div class=\"elementor-element elementor-element-39a337c5 elementor-widget__width-auto elementor-widget elementor-widget-tp-button\" data-id=\"39a337c5\" data-element_type=\"widget\" data-e-type=\"widget\" data-widget_type=\"tp-button.default\">\n\t\t\t\t\t<div class=\"pt-plus-button-wrapper   text-center \"><div class=\"button_parallax \"><div id=\"button69ede9932783b\"  class=\" text-center ts-button content_hover_effect  hover-effect69ede99327824 content_hover_grow_shadow \" data-hover_uniqid=\"hover-effect69ede99327824\"  data-hover_shadow=\"#0000001F\"  data-content_hover_effects=\"grow_shadow\" ><div class=\"pt_plus_button btn69ede9932783a button-style-10   \"  ><div class=\"animted-content-inner \"><a href=\"\/contact\" class=\"button-link-wrap \" role=\"button\" data-hover=\"Contacta con nosotros\"  >Contacta con nosotros<\/a><\/div><\/div><\/div><\/div><\/div>\t\t\t\t<\/div>\n\t\t\t\t<\/div>\n\t\t\t\t<\/div>\n\t\t\t\t<\/div>\n\t\t\t\t\t<\/div>\n\t\t\t\t<\/div>\n\t\t<div class=\"elementor-element elementor-element-6dffb9b6 e-flex e-con-boxed e-con e-parent\" data-id=\"6dffb9b6\" data-element_type=\"container\" data-e-type=\"container\">\n\t\t\t\t\t<div class=\"e-con-inner\">\n\t\t\t\t<div class=\"elementor-element elementor-element-5b7b256 elementor-widget__width-initial elementor-widget elementor-widget-text-editor\" data-id=\"5b7b256\" data-element_type=\"widget\" data-e-type=\"widget\" data-widget_type=\"text-editor.default\">\n\t\t\t\t\t\t\t\t\t<h2 data-start=\"102\" data-end=\"121\">Propiedad del sitio web<\/h2><p data-start=\"123\" data-end=\"246\">El uso de este sitio web y de cualquiera de sus servicios implica la lectura, comprensi\u00f3n y aceptaci\u00f3n por parte del usuario del presente Aviso Legal.<\/p><p data-start=\"248\" data-end=\"400\">En cumplimiento de la Ley 34\/2002, de 11 de julio, de Servicios de la Sociedad de la Informaci\u00f3n y Comercio Electr\u00f3nico (LSSICE), se facilita la siguiente informaci\u00f3n legal:<\/p><p data-start=\"402\" data-end=\"653\"><strong data-start=\"402\" data-end=\"420\">Propietario del sitio web:<\/strong> CHECON SL<br data-start=\"430\" data-end=\"433\"><strong data-start=\"433\" data-end=\"445\">Direcci\u00f3n:<\/strong> Aleixandre, 4 1 A, Madrid, Espa\u00f1a.<br data-start=\"479\" data-end=\"482\"><strong data-start=\"482\" data-end=\"500\">Correo electr\u00f3nico de contacto:<\/strong> <a class=\"decorated-link cursor-pointer\" rel=\"noopener\" data-start=\"501\" data-end=\"533\">maraboutiqueapartments@gmail.com<\/a><br data-start=\"533\" data-end=\"536\"><strong data-start=\"536\" data-end=\"550\">Tel\u00e9fono:<\/strong> +34 686802471<br data-start=\"564\" data-end=\"567\"><strong data-start=\"567\" data-end=\"583\">Datos fiscales:<\/strong> B78983137<br data-start=\"593\" data-end=\"596\"><strong data-start=\"596\" data-end=\"620\">Registro Mercantil:<\/strong> Madrid, Tomo , Folio , Hoja M.<\/p><hr data-start=\"655\" data-end=\"658\"><h2 data-start=\"660\" data-end=\"684\">Condiciones Preliminares<\/h2><p data-start=\"686\" data-end=\"1084\">Estas condiciones legales regulan el uso legal permitido de este sitio web, cuyo responsable legal es <strong data-start=\"778\" data-end=\"806\">MARA BOUTIQUE APARTMENTS<\/strong>. Estas condiciones generales regulan el acceso y utilizaci\u00f3n del sitio web que el titular pone a disposici\u00f3n de los usuarios de Internet. El acceso implica su aceptaci\u00f3n sin reservas. \u00abUsuario\u00bb es toda persona que acceda, navegue, utilice o participe en los servicios y\/o actividades del Sitio Web.   <\/p><p data-start=\"1086\" data-end=\"1214\">El mero uso del sitio web, as\u00ed como la solicitud de informaci\u00f3n o la realizaci\u00f3n de un pedido, constituyen la plena aceptaci\u00f3n de estas condiciones.<\/p><hr data-start=\"1216\" data-end=\"1219\"><h2 data-start=\"1221\" data-end=\"1241\">Uso del Sitio Web<\/h2><p data-start=\"1243\" data-end=\"1392\">El usuario se compromete a utilizar el sitio web, sus servicios y contenidos de conformidad con la ley, el presente Aviso Legal, las buenas costumbres y el orden p\u00fablico.<\/p><p data-start=\"1394\" data-end=\"1791\">Asimismo, el usuario se obliga a usarlos de forma diligente, correcta y l\u00edcita, y no de forma contraria al presente Aviso Legal. En particular, el usuario se compromete a abstenerse de suprimir, eludir o manipular el aviso de derechos de autor (\u00abcopyright\u00bb) y dem\u00e1s datos de identificaci\u00f3n de los titulares de los derechos incorporados a los contenidos, as\u00ed como los dispositivos t\u00e9cnicos de protecci\u00f3n o los mecanismos de informaci\u00f3n que pudieren contenerse en los mismos. <\/p><p data-start=\"1793\" data-end=\"2021\">Quedan expresamente prohibidas las acciones que lesionen los intereses o derechos de terceros, o que de cualquier forma puedan da\u00f1ar, inutilizar o deteriorar el Sitio Web o sus servicios, o impedir un normal disfrute del Sitio Web por otros usuarios.<\/p><p data-start=\"2023\" data-end=\"2300\">El usuario se compromete a no obstaculizar el acceso de otros usuarios al servicio de acceso mediante el consumo masivo de los recursos inform\u00e1ticos a trav\u00e9s de los cuales <strong data-start=\"2152\" data-end=\"2180\">MARA BOUTIQUE APARTMENTS<\/strong> presta el servicio, as\u00ed como realizar acciones que da\u00f1en, interrumpan o generen errores en dichos sistemas o servicios.<\/p><p data-start=\"2302\" data-end=\"2567\">El usuario se compromete a no introducir programas, virus, macros, applets, controles ActiveX o cualquier otro dispositivo l\u00f3gico o secuencia de caracteres que causen o sean susceptibles de causar cualquier tipo de alteraci\u00f3n en los sistemas inform\u00e1ticos de <strong data-start=\"2521\" data-end=\"2549\">MARA BOUTIQUE APARTMENTS<\/strong> o de terceros.<\/p><p data-start=\"2569\" data-end=\"2826\">El usuario se compromete a no obtener informaciones, mensajes, gr\u00e1ficos, dibujos, archivos de sonido y\/o imagen, fotograf\u00edas, grabaciones, software y, en general, cualquier clase de material accesible a trav\u00e9s del Sitio Web o de los servicios ofrecidos en el mismo (por medios il\u00edcitos).<\/p><p data-start=\"2828\" data-end=\"3043\">Se entender\u00e1 que el acceso o utilizaci\u00f3n del Sitio Web por parte del usuario implica la aceptaci\u00f3n del Aviso Legal que <strong data-start=\"2937\" data-end=\"2965\">MARA BOUTIQUE APARTMENTS<\/strong> tenga publicado en el momento del acceso, el cual estar\u00e1 siempre a disposici\u00f3n de los usuarios.<\/p><p data-start=\"3045\" data-end=\"3501\">El usuario se compromete a hacer un uso adecuado de los contenidos y servicios (como comentarios, foros de opini\u00f3n o p\u00e1ginas abiertas a los lectores) que <strong data-start=\"3184\" data-end=\"3212\">MARA BOUTIQUE APARTMENTS<\/strong> ofrece en su Sitio Web y a no emplearlos para incurrir en actividades il\u00edcitas o contrarias a la buena fe y al ordenamiento legal; ni para difundir contenidos o propaganda de car\u00e1cter racista, xen\u00f3fobo, pornogr\u00e1fico-ilegal, de apolog\u00eda del terrorismo o atentatorio contra los derechos humanos.<\/p><hr data-start=\"3503\" data-end=\"3506\"><h2 data-start=\"3508\" data-end=\"3538\">Acceso al sitio web y contrase\u00f1as<\/h2><p data-start=\"3540\" data-end=\"3785\">Algunos de los servicios y contenidos ofrecidos por <strong data-start=\"3584\" data-end=\"3612\">MARA BOUTIQUE APARTMENTS<\/strong> pueden encontrarse sujetos a la contrataci\u00f3n previa del servicio y al pago de una contraprestaci\u00f3n en la forma que se determine en las Condiciones Generales de Contrataci\u00f3n, que se pondr\u00e1n a tu disposici\u00f3n de forma visible.<\/p><p data-start=\"3787\" data-end=\"4169\">El acceso y navegaci\u00f3n por este sitio web no requiere el registro del usuario, por lo que no se recogen datos de car\u00e1cter personal, salvo los especificados en la pol\u00edtica de cookies o cuando el usuario los facilite a trav\u00e9s de un formulario de contacto o similar de este sitio web. En tales casos, los datos ser\u00e1n tratados y almacenados en las condiciones especificadas en la pol\u00edtica de cookies o de privacidad aplicable, seg\u00fan corresponda. <\/p><hr data-start=\"4171\" data-end=\"4174\"><h2 data-start=\"4176\" data-end=\"4184\">Menores<\/h2><p data-start=\"4186\" data-end=\"4445\">Queda prohibida la compra de productos o servicios a trav\u00e9s del Sitio Web por parte de menores de edad. \u00c9stos deber\u00e1n obtener previamente el debido consentimiento de sus padres, tutores o representantes legales, quienes ser\u00e1n considerados responsables de los actos realizados por los menores a su cargo. <\/p><hr data-start=\"4447\" data-end=\"4450\"><h2 data-start=\"4452\" data-end=\"4486\">Modificaci\u00f3n del Aviso Legal<\/h2><p data-start=\"4488\" data-end=\"4685\"><strong data-start=\"4488\" data-end=\"4516\">MARA BOUTIQUE APARTMENTS<\/strong> se reserva expresamente el derecho a modificar el presente Aviso Legal. El usuario reconoce y acepta que es su responsabilidad revisar el Sitio Web y el presente Aviso Legal. <\/p><hr data-start=\"4687\" data-end=\"4690\"><h2 data-start=\"4692\" data-end=\"4732\">Limitaci\u00f3n de garant\u00edas y responsabilidad<\/h2><p data-start=\"4734\" data-end=\"5064\"><strong data-start=\"4734\" data-end=\"4762\">MARA BOUTIQUE APARTMENTS<\/strong> se compromete a realizar sus mejores esfuerzos para evitar cualquier error en los contenidos que pudieran aparecer en el Sitio Web. En cualquier caso, <strong data-start=\"4878\" data-end=\"4906\">MARA BOUTIQUE AP<\/strong> ARTMENTS quedar\u00e1 eximida de cualquier responsabilidad derivada de eventuales errores en los contenidos que pudieran aparecer en el Sitio Web, siempre que no le sean imputables. <\/p><p data-start=\"5066\" data-end=\"5728\"><strong data-start=\"5397\" data-end=\"5425\">MARA BOUTIQUE APARTMENTS<\/strong>no garantiza que la Web y el servidor est\u00e9n libres de virus y no ser\u00e1 responsable de posibles da\u00f1os o perjuicios que se pudieran derivar de interferencias, omisiones, interrupciones, virus inform\u00e1ticos, aver\u00edas telef\u00f3nicas o desconexiones en el funcionamiento operativo de este sistema electr\u00f3nico, motivadas por causas ajenas a <strong data-start=\"5397\" data-end=\"5425\">MARA BOUTIQUE APARTMENTS<\/strong>; de retrasos o bloqueos en el uso del presente sistema electr\u00f3nico causados por deficiencias de l\u00edneas telef\u00f3nicas o sobrecargas en el sistema de Internet o en otros sistemas electr\u00f3nicos; ni tampoco de da\u00f1os que puedan ser causados por terceras personas mediante intromisiones ileg\u00edtimas fuera del control de <strong data-start=\"5699\" data-end=\"5727\">MARA BOUTIQUE<\/strong> APARTMENTS.<\/p><hr data-start=\"5730\" data-end=\"5733\"><h2 data-start=\"5735\" data-end=\"5773\">Propiedad Intelectual e Industrial<\/h2><p data-start=\"5775\" data-end=\"5943\">Todos los nombres comerciales, marcas o signos distintivos de cualquier clase contenidos en las p\u00e1ginas web de la empresa son propiedad de sus respectivos due\u00f1os y est\u00e1n protegidos por la ley.<\/p><p data-start=\"5945\" data-end=\"6260\">Todos los derechos de Propiedad Industrial e Intelectual sobre el Sitio Web <strong data-start=\"6010\" data-end=\"6039\"><a class=\"decorated-link\" href=\"https:\/\/www.maraboutiqueapartments.com\/es\/\" target=\"_new\" rel=\"noopener\" data-start=\"6012\" data-end=\"6037\">https:\/\/www.maraboutiqueapartments.com<\/a><\/strong> y sus contenidos (textos, im\u00e1genes, sonidos, audio, v\u00eddeo, dise\u00f1os, obras creativas, software) pertenecen, en calidad de autor de una obra colectiva o de cesionario, a <strong data-start=\"6192\" data-end=\"6220\">MARA BOUTIQUE APARTMENTS<\/strong> o, en su caso, a terceros.<\/p><p data-start=\"6262\" data-end=\"6676\">Quedan expresamente prohibidas la reproducci\u00f3n, la distribuci\u00f3n y la comunicaci\u00f3n p\u00fablica, incluida su modalidad de puesta a disposici\u00f3n, de la totalidad o parte de los contenidos de esta p\u00e1gina web, con fines comerciales, en cualquier soporte y por cualquier medio t\u00e9cnico, sin la autorizaci\u00f3n de <strong data-start=\"6486\" data-end=\"6514\">MARA BOUTIQUE<\/strong> APARTMENTS. El usuario se compromete a respetar los derechos de Propiedad Intelectual e Industrial titularidad de <strong data-start=\"6629\" data-end=\"6657\">MARA BOUTIQUE APARTMENTS<\/strong> y de terceros. <\/p><p data-start=\"6678\" data-end=\"6993\">A los efectos de lo dispuesto en el art\u00edculo 32.1 del Texto Refundido de la Ley de Propiedad Intelectual, <strong data-start=\"6964\" data-end=\"6992\">MARA BOUTIQUE APARTMENTS<\/strong> se opone expresamente a la utilizaci\u00f3n de cualquier contenido del sitio web para publicar rese\u00f1as en otros medios telem\u00e1ticos o impresos con fines comerciales sin autorizaci\u00f3n previa de <strong data-start=\"6964\" data-end=\"6992\">MARA BOUTIQUE APARTMENTS<\/strong>.<\/p><p data-start=\"6995\" data-end=\"7316\">El usuario puede visualizar todos los elementos e imprimirlos, copiarlos y almacenarlos en el disco duro de su ordenador o en cualquier otro soporte f\u00edsico siempre y cuando sea, \u00fanica y exclusivamente, para su uso personal y privado. Queda terminantemente prohibida su utilizaci\u00f3n con fines comerciales, su distribuci\u00f3n, modificaci\u00f3n, alteraci\u00f3n o descompilaci\u00f3n. <\/p><p data-start=\"7318\" data-end=\"7641\"><strong data-start=\"7484\" data-end=\"7512\">MARA BOUTIQUE APARTMENTS<\/strong> proporciona el acceso a todo tipo de informaciones, servicios, programas o datos en Internet que pueden pertenecer a terceras personas, en cuyo caso <strong data-start=\"7484\" data-end=\"7512\">MARA BOUTIQUE APARTMENTS<\/strong> no se hace responsable de dichos contenidos ni de cuantas reclamaciones puedan derivarse de la calidad, fiabilidad, exactitud o correcci\u00f3n de los mismos.<\/p><hr data-start=\"7643\" data-end=\"7646\"><h2 data-start=\"7648\" data-end=\"7669\">Responsabilidad por enlaces<\/h2><p data-start=\"7671\" data-end=\"7732\">El sitio web no incluye enlaces o hiperv\u00ednculos de terceros.<\/p><hr data-start=\"7734\" data-end=\"7737\"><h2 data-start=\"7739\" data-end=\"7765\">Protecci\u00f3n de datos personales<\/h2><p data-start=\"7767\" data-end=\"8166\"><strong data-start=\"7767\" data-end=\"7795\">MARA BOUTIQUE APARTMENTS<\/strong> adopta las medidas de \u00edndole t\u00e9cnica y organizativas necesarias para garantizar la protecci\u00f3n de los datos de car\u00e1cter personal y evitar su alteraci\u00f3n, p\u00e9rdida, tratamiento y\/o acceso no autorizado, habida cuenta del estado de la tecnolog\u00eda, la naturaleza de los datos almacenados y los riesgos a que est\u00e1n expuestos, todo ello, conforme a lo establecido en la legislaci\u00f3n espa\u00f1ola sobre Protecci\u00f3n de Datos de Car\u00e1cter Personal.<\/p><p data-start=\"8168\" data-end=\"8569\">El usuario podr\u00e1 remitir sus datos de car\u00e1cter personal a <strong data-start=\"8211\" data-end=\"8239\">MARA BOUTIQUE APARTMENTS<\/strong> a trav\u00e9s de los distintos formularios dispuestos al efecto en el Sitio Web. Dichos formularios incluyen un texto legal sobre protecci\u00f3n de datos de car\u00e1cter personal que cumple con los requisitos establecidos en la Ley Org\u00e1nica 15\/1999, de 13 de diciembre, de Protecci\u00f3n de Datos de Car\u00e1cter Personal y su Reglamento de desarrollo, aprobado por Real Decreto 1720\/2007, de 21 de diciembre. <\/p><p data-start=\"8571\" data-end=\"8645\">Lee atentamente los textos legales antes de facilitar tus datos personales.<\/p><hr data-start=\"8647\" data-end=\"8650\"><h2 data-start=\"8652\" data-end=\"8664\">Descargo de responsabilidad<\/h2><p data-start=\"8666\" data-end=\"8927\"><strong data-start=\"8666\" data-end=\"8694\">MARA BOUTIQUE APARTMENTS<\/strong> no se responsabiliza de las p\u00e9rdidas o da\u00f1os que una posible ca\u00edda del servicio pueda ocasionar al usuario o visitante, ni ser\u00e1 responsable de los problemas derivados de la falta de interactividad entre usuarios o visitantes en dichas situaciones.<\/p><hr data-start=\"8929\" data-end=\"8932\"><h2 data-start=\"8934\" data-end=\"8967\">Ley aplicable y jurisdicci\u00f3n<\/h2><p data-start=\"8969\" data-end=\"9341\" data-is-last-node=\"\" data-is-only-node=\"\">Todas las cuestiones que se susciten entre <strong data-start=\"8997\" data-end=\"9025\">MARA BOUTIQUE APARTMENTS<\/strong> y el usuario en relaci\u00f3n con la interpretaci\u00f3n, cumplimiento y validez del presente Aviso Legal se regir\u00e1n por sus propias cl\u00e1usulas y, en lo no dispuesto en las mismas, por la legislaci\u00f3n espa\u00f1ola. Las partes se someten expresamente a la jurisdicci\u00f3n de los juzgados y tribunales del domicilio de <strong data-start=\"9312\" data-end=\"9340\">MARA BOUTIQUE APARTMENTS<\/strong>. <\/p>\t\t\t\t\t\t\t\t<\/div>\n\t\t\t\t\t<\/div>\n\t\t\t\t<\/div>\n\t\t<div class=\"elementor-element elementor-element-322e8987 elementor-hidden-mobile e-flex e-con-boxed e-con e-parent\" data-id=\"322e8987\" data-element_type=\"container\" data-e-type=\"container\">\n\t\t\t\t\t<div class=\"e-con-inner\">\n\t\t<div class=\"elementor-element elementor-element-14b8c81b e-con-full post-image e-flex e-con e-child\" data-id=\"14b8c81b\" data-element_type=\"container\" data-e-type=\"container\" data-settings=\"{&quot;background_background&quot;:&quot;classic&quot;}\">\n\t\t\t\t<\/div>\n\t\t<div class=\"elementor-element elementor-element-c9fc10e e-con-full post-image elementor-hidden-mobile e-flex e-con e-child\" data-id=\"c9fc10e\" data-element_type=\"container\" data-e-type=\"container\" data-settings=\"{&quot;background_background&quot;:&quot;classic&quot;}\">\n\t\t\t\t<\/div>\n\t\t<div class=\"elementor-element elementor-element-7fbbbe9c e-con-full post-image e-flex e-con e-child\" data-id=\"7fbbbe9c\" data-element_type=\"container\" data-e-type=\"container\" data-settings=\"{&quot;background_background&quot;:&quot;classic&quot;}\">\n\t\t\t\t<\/div>\n\t\t<div class=\"elementor-element elementor-element-25fb39f4 e-con-full post-image elementor-hidden-mobile e-flex e-con e-child\" data-id=\"25fb39f4\" data-element_type=\"container\" data-e-type=\"container\" data-settings=\"{&quot;background_background&quot;:&quot;classic&quot;}\">\n\t\t\t\t<\/div>\n\t\t<div class=\"elementor-element elementor-element-541cec48 e-con-full post-image elementor-hidden-mobile e-flex e-con e-child\" data-id=\"541cec48\" data-element_type=\"container\" data-e-type=\"container\" data-settings=\"{&quot;background_background&quot;:&quot;classic&quot;}\">\n\t\t\t\t<\/div>\n\t\t\t\t\t<\/div>\n\t\t\t\t<\/div>\n\t\t\t\t<\/div>\n\t\t","protected":false},"excerpt":{"rendered":"<p>Apartamentos Mara Page Apartamentos Mara Benidorm Explora los apartamentos Mara Contacta con nosotros Propiedad del sitio web El uso de este sitio web y de cualquiera de sus servicios implica la lectura, comprensi\u00f3n y aceptaci\u00f3n por parte del usuario del presente Aviso Legal. En cumplimiento de la Ley 34\/2002, de 11 de julio, de Servicios [&hellip;]<\/p>\n","protected":false},"author":2,"featured_media":5651,"parent":0,"menu_order":0,"comment_status":"closed","ping_status":"closed","template":"","meta":{"_acf_changed":false,"_seopress_robots_primary_cat":"","_seopress_titles_title":"T\u00e9rminos y Condiciones | Mara Boutique Apartments","_seopress_titles_desc":"Apartamentos Mara Benidorm: consulta los t\u00e9rminos y condiciones de uso del sitio web, la informaci\u00f3n legal, derechos del usuario y normativa.","_seopress_robots_index":"s\u00ed","_uag_custom_page_level_css":"","footnotes":""},"class_list":["post-5650","page","type-page","status-publish","has-post-thumbnail","hentry"],"acf":[],"uagb_featured_image_src":{"full":["https:\/\/www.maraboutiqueapartments.com\/wp-content\/uploads\/2025\/09\/terms-and-conditions.jpg",1280,852,false],"thumbnail":["https:\/\/www.maraboutiqueapartments.com\/wp-content\/uploads\/2025\/09\/terms-and-conditions-150x150.jpg",150,150,true],"medium":["https:\/\/www.maraboutiqueapartments.com\/wp-content\/uploads\/2025\/09\/terms-and-conditions-300x200.jpg",300,200,true],"medium_large":["https:\/\/www.maraboutiqueapartments.com\/wp-content\/uploads\/2025\/09\/terms-and-conditions-768x511.jpg",768,511,true],"large":["https:\/\/www.maraboutiqueapartments.com\/wp-content\/uploads\/2025\/09\/terms-and-conditions-1024x682.jpg",800,533,true],"1536x1536":["https:\/\/www.maraboutiqueapartments.com\/wp-content\/uploads\/2025\/09\/terms-and-conditions.jpg",1280,852,false],"2048x2048":["https:\/\/www.maraboutiqueapartments.com\/wp-content\/uploads\/2025\/09\/terms-and-conditions.jpg",1280,852,false],"tp-image-grid":["https:\/\/www.maraboutiqueapartments.com\/wp-content\/uploads\/2025\/09\/terms-and-conditions-700x700.jpg",700,700,true]},"uagb_author_info":{"display_name":"Vanessa","author_link":"https:\/\/www.maraboutiqueapartments.com\/es\/author\/vanessa\/"},"uagb_comment_info":0,"uagb_excerpt":"Apartamentos Mara Page Apartamentos Mara Benidorm Explora los apartamentos Mara Contacta con nosotros Propiedad del sitio web El uso de este sitio web y de cualquiera de sus servicios implica la lectura, comprensi\u00f3n y aceptaci\u00f3n por parte del usuario del presente Aviso Legal. En cumplimiento de la Ley 34\/2002, de 11 de julio, de Servicios&hellip;","_links":{"self":[{"href":"https:\/\/www.maraboutiqueapartments.com\/es\/wp-json\/wp\/v2\/pages\/5650","targetHints":{"allow":["GET"]}}],"collection":[{"href":"https:\/\/www.maraboutiqueapartments.com\/es\/wp-json\/wp\/v2\/pages"}],"about":[{"href":"https:\/\/www.maraboutiqueapartments.com\/es\/wp-json\/wp\/v2\/types\/page"}],"author":[{"embeddable":true,"href":"https:\/\/www.maraboutiqueapartments.com\/es\/wp-json\/wp\/v2\/users\/2"}],"replies":[{"embeddable":true,"href":"https:\/\/www.maraboutiqueapartments.com\/es\/wp-json\/wp\/v2\/comments?post=5650"}],"version-history":[{"count":0,"href":"https:\/\/www.maraboutiqueapartments.com\/es\/wp-json\/wp\/v2\/pages\/5650\/revisions"}],"wp:featuredmedia":[{"embeddable":true,"href":"https:\/\/www.maraboutiqueapartments.com\/es\/wp-json\/wp\/v2\/media\/5651"}],"wp:attachment":[{"href":"https:\/\/www.maraboutiqueapartments.com\/es\/wp-json\/wp\/v2\/media?parent=5650"}],"curies":[{"name":"wp","href":"https:\/\/api.w.org\/{rel}","templated":true}]}}