{"id":5654,"date":"2025-09-15T12:24:31","date_gmt":"2025-09-15T10:24:31","guid":{"rendered":"https:\/\/www.maraboutiqueapartments.com\/politica-de-privacidad\/"},"modified":"2025-11-05T04:44:09","modified_gmt":"2025-11-05T03:44:09","slug":"politica-de-privacidad","status":"publish","type":"page","link":"https:\/\/www.maraboutiqueapartments.com\/es\/politica-de-privacidad\/","title":{"rendered":"Pol\u00edtica de privacidad"},"content":{"rendered":"\t\t<div data-elementor-type=\"wp-page\" data-elementor-id=\"5654\" class=\"elementor elementor-5654 elementor-4784\" data-elementor-post-type=\"page\">\n\t\t\t\t<div class=\"elementor-element elementor-element-838ac01 e-flex e-con-boxed e-con e-parent\" data-id=\"838ac01\" data-element_type=\"container\" data-e-type=\"container\">\n\t\t\t\t\t<div class=\"e-con-inner\">\n\t\t\t\t<div class=\"elementor-element elementor-element-e7a7b7d text-flex-start elementor-widget__width-initial elementor-widget elementor-widget-tp-breadcrumbs-bar\" data-id=\"e7a7b7d\" data-element_type=\"widget\" data-e-type=\"widget\" data-widget_type=\"tp-breadcrumbs-bar.default\">\n\t\t\t\t\t<div id=\"bread69ede934af3d1\" class=\"pt_plus_breadcrumbs_bar \"  \"><div class=\"pt_plus_breadcrumbs_bar_inner bred_style_1\"><nav id=\"breadcrumbs\"><span class=\"bc_home\"><a class=\"home_bread_tab\" href=\"https:\/\/www.maraboutiqueapartments.com\/es\/\/\"><img decoding=\"async\" class=\"bread-home-img\" src=\"https:\/\/www.maraboutiqueapartments.com\/wp-content\/uploads\/2025\/07\/imagomara.svg\" \/>Apartamentos Mara<i class=\" fa fa-chevron-right bread-sep-icon\" ><\/i><\/a><\/span> <span class=\"del\"><\/span> <span class=\"current_active\"><div class=\"current_tab_sec\">P\u00e1gina<\/div><\/span><\/nav><\/div><\/div>\t\t\t\t<\/div>\n\t\t<div class=\"elementor-element elementor-element-7b94323 e-con-full e-flex e-con e-child\" data-id=\"7b94323\" data-element_type=\"container\" data-e-type=\"container\">\n\t\t\t\t<\/div>\n\t\t\t\t\t<\/div>\n\t\t\t\t<\/div>\n\t\t<div class=\"elementor-element elementor-element-8b2cfdf e-flex e-con-boxed e-con e-parent\" data-id=\"8b2cfdf\" data-element_type=\"container\" data-e-type=\"container\">\n\t\t\t\t\t<div class=\"e-con-inner\">\n\t\t<div class=\"elementor-element elementor-element-31bf0f7 e-con-full e-flex e-con e-child\" data-id=\"31bf0f7\" data-element_type=\"container\" data-e-type=\"container\" data-settings=\"{&quot;background_background&quot;:&quot;classic&quot;}\">\n\t\t\t\t<\/div>\n\t\t\t\t\t<\/div>\n\t\t\t\t<\/div>\n\t\t<div class=\"elementor-element elementor-element-e60a905 e-flex e-con-boxed e-con e-parent\" data-id=\"e60a905\" data-element_type=\"container\" data-e-type=\"container\" data-settings=\"{&quot;background_background&quot;:&quot;classic&quot;}\">\n\t\t\t\t\t<div class=\"e-con-inner\">\n\t\t<div class=\"elementor-element elementor-element-352d745 e-con-full e-flex e-con e-child\" data-id=\"352d745\" data-element_type=\"container\" data-e-type=\"container\" data-settings=\"{&quot;background_background&quot;:&quot;classic&quot;}\">\n\t\t<div class=\"elementor-element elementor-element-d599960 e-con-full e-flex e-con e-child\" data-id=\"d599960\" data-element_type=\"container\" data-e-type=\"container\">\n\t\t\t\t<div class=\"elementor-element elementor-element-0cf37fd elementor-widget-widescreen__width-inherit elementor-invisible elementor-widget elementor-widget-heading\" data-id=\"0cf37fd\" data-element_type=\"widget\" data-e-type=\"widget\" data-settings=\"{&quot;_animation&quot;:&quot;fadeIn&quot;}\" data-widget_type=\"heading.default\">\n\t\t\t\t\t<p class=\"elementor-heading-title elementor-size-default\">Apartamentos Mara Benidorm<\/p>\t\t\t\t<\/div>\n\t\t<div class=\"elementor-element elementor-element-f13d704 e-con-full e-flex e-con e-child\" data-id=\"f13d704\" data-element_type=\"container\" data-e-type=\"container\">\n\t\t\t\t<div class=\"elementor-element elementor-element-0529545 elementor-widget__width-auto elementor-widget elementor-widget-tp-button\" data-id=\"0529545\" data-element_type=\"widget\" data-e-type=\"widget\" data-widget_type=\"tp-button.default\">\n\t\t\t\t\t<div class=\"pt-plus-button-wrapper   text-center \"><div class=\"button_parallax \"><div id=\"button69ede934b4b5b\"  class=\" text-center ts-button content_hover_effect  hover-effect69ede934b4b3f content_hover_grow_shadow \" data-hover_uniqid=\"hover-effect69ede934b4b3f\"  data-hover_shadow=\"#0000001F\"  data-content_hover_effects=\"grow_shadow\" ><div class=\"pt_plus_button btn69ede934b4b5a button-style-10   \"  ><div class=\"animted-content-inner \"><a href=\"\/\" class=\"button-link-wrap \" role=\"button\" data-hover=\"Explora los apartamentos Mara\"  >Explora los apartamentos Mara<\/a><\/div><\/div><\/div><\/div><\/div>\t\t\t\t<\/div>\n\t\t\t\t<div class=\"elementor-element elementor-element-152f27c elementor-widget__width-auto elementor-widget elementor-widget-tp-button\" data-id=\"152f27c\" data-element_type=\"widget\" data-e-type=\"widget\" data-widget_type=\"tp-button.default\">\n\t\t\t\t\t<div class=\"pt-plus-button-wrapper   text-center \"><div class=\"button_parallax \"><div id=\"button69ede934b53e2\"  class=\" text-center ts-button content_hover_effect  hover-effect69ede934b53cc content_hover_grow_shadow \" data-hover_uniqid=\"hover-effect69ede934b53cc\"  data-hover_shadow=\"#0000001F\"  data-content_hover_effects=\"grow_shadow\" ><div class=\"pt_plus_button btn69ede934b53e1 button-style-10   \"  ><div class=\"animted-content-inner \"><a href=\"\/contact\" class=\"button-link-wrap \" role=\"button\" data-hover=\"Contacta con nosotros\"  >Contacta con nosotros<\/a><\/div><\/div><\/div><\/div><\/div>\t\t\t\t<\/div>\n\t\t\t\t<\/div>\n\t\t\t\t<\/div>\n\t\t\t\t<\/div>\n\t\t\t\t\t<\/div>\n\t\t\t\t<\/div>\n\t\t<div class=\"elementor-element elementor-element-c6b85a8 e-flex e-con-boxed e-con e-parent\" data-id=\"c6b85a8\" data-element_type=\"container\" data-e-type=\"container\">\n\t\t\t\t\t<div class=\"e-con-inner\">\n\t\t\t\t<div class=\"elementor-element elementor-element-4736462 elementor-widget__width-initial elementor-widget elementor-widget-text-editor\" data-id=\"4736462\" data-element_type=\"widget\" data-e-type=\"widget\" data-widget_type=\"text-editor.default\">\n\t\t\t\t\t\t\t\t\t<h2 data-start=\"0\" data-end=\"38\">Confidencialidad y protecci\u00f3n de datos<\/h2><p data-start=\"40\" data-end=\"656\">A los efectos previstos en la Ley Org\u00e1nica 15\/1999, de 13 de diciembre, de Protecci\u00f3n de Datos de Car\u00e1cter Personal, <strong data-start=\"139\" data-end=\"156\">MARA<\/strong> BOUTIQUE informa al usuario de la existencia de un fichero automatizado de datos de car\u00e1cter personal, creado por y para <strong data-start=\"249\" data-end=\"266\">MARA BOUTIQUE<\/strong> y bajo su responsabilidad, en el que se almacenar\u00e1n y tratar\u00e1n los datos de los usuarios recabados a trav\u00e9s de este sitio web. Dicho fichero se encuentra debidamente inscrito en el Registro General de la Agencia Espa\u00f1ola de Protecci\u00f3n de Datos, y <strong data-start=\"475\" data-end=\"492\">MARA BOUTIQUE<\/strong> ha implantado las medidas de seguridad y organizaci\u00f3n establecidas en el Real Decreto 1720\/2007, de 21 de diciembre, para salvaguardar la privacidad de la informaci\u00f3n. <\/p><p data-start=\"658\" data-end=\"941\">En el momento de la aceptaci\u00f3n de la presente Pol\u00edtica de Privacidad, <strong data-start=\"698\" data-end=\"715\">MARA BOUTIQUE<\/strong> requerir\u00e1 al usuario ciertos datos imprescindibles para la prestaci\u00f3n de sus servicios y\/o informaci\u00f3n, consintiendo el usuario el almacenamiento y tratamiento de dichos datos para las finalidades previstas en el apartado siguiente.<\/p><p data-start=\"943\" data-end=\"1111\">No obstante, el usuario podr\u00e1 ejercitar sus derechos de acceso, rectificaci\u00f3n, cancelaci\u00f3n y oposici\u00f3n dirigi\u00e9ndose por escrito a <strong data-start=\"1063\" data-end=\"1110\">CALLE ALEIXANDRE 4, 1A, 28033 Madrid, Espa\u00f1a<\/strong>.<\/p><hr><h2 data-start=\"1113\" data-end=\"1124\">Prop\u00f3sitos<\/h2><p data-start=\"1126\" data-end=\"1183\">Las finalidades de la recogida de datos por parte de <strong data-start=\"1161\" data-end=\"1178\">MARA BOUTIQUE<\/strong> son:<\/p><hr><h2 data-start=\"1185\" data-end=\"1219\">Registro de Ficheros y Formularios<\/h2><p data-start=\"1221\" data-end=\"1651\">Algunas secciones de nuestro Sitio Web requieren la cumplimentaci\u00f3n de formulario(s) de registro y son obligatorios para acceder y disfrutar de determinados servicios ofrecidos en el Sitio Web o para recibir la informaci\u00f3n solicitada. El no facilitar los datos personales solicitados o el no aceptar la presente pol\u00edtica de protecci\u00f3n de datos supone la imposibilidad de informarte, suscribirte, registrarte o participar en las promociones en las que se soliciten datos de car\u00e1cter personal. <\/p><hr><h2 data-start=\"1653\" data-end=\"1693\">Exactitud y veracidad de los datos<\/h2><p data-start=\"1695\" data-end=\"2131\">El usuario es el \u00fanico responsable de la veracidad y correcci\u00f3n de los datos incluidos, exoner\u00e1ndose <strong data-start=\"1787\" data-end=\"1804\">MARA BOUTIQUE<\/strong> de cualquier responsabilidad al respecto. Los usuarios garantizan y responden, en cualquier caso, de la exactitud, vigencia y autenticidad de los datos personales facilitados, y se comprometen a mantenerlos debidamente actualizados. El usuario acepta proporcionar informaci\u00f3n completa y correcta en el formulario de contacto, registro o suscripci\u00f3n.  <\/p><p data-start=\"2133\" data-end=\"2375\"><strong data-start=\"2133\" data-end=\"2150\">MARA BOUTIQUE<\/strong> no responde de la veracidad de las informaciones que no sean de elaboraci\u00f3n propia y de las que se indique otra fuente, por lo que tampoco asume responsabilidad alguna en cuanto a hipot\u00e9ticos perjuicios que pudieran originarse por el uso de dicha informaci\u00f3n.<\/p><p data-start=\"2377\" data-end=\"2540\"><strong data-start=\"2377\" data-end=\"2394\">MARA BOUTIQUE<\/strong> se reserva el derecho a actualizar, modificar o eliminar la informaci\u00f3n contenida en sus p\u00e1ginas web pudiendo incluso limitar o no permitir el acceso a dicha informaci\u00f3n.<\/p><p data-start=\"2542\" data-end=\"2788\">Se exonera a <strong data-start=\"2709\" data-end=\"2726\">MARA BO<\/strong> <strong data-start=\"2542\" data-end=\"2559\">UTIQUE<\/strong> de responsabilidad ante cualquier da\u00f1o o perjuicio que pudiera sufrir el Usuario como consecuencia de errores, defectos u omisiones, en la informaci\u00f3n facilitada por <strong data-start=\"2709\" data-end=\"2726\">MARA BOUTIQUE<\/strong> cuando proceda de fuentes ajenas a <strong data-start=\"2770\" data-end=\"2787\">MARA BOUTIQUE<\/strong>.<\/p><hr><h2 data-start=\"2790\" data-end=\"2828\">Divulgaci\u00f3n de datos a terceros<\/h2><p data-start=\"2830\" data-end=\"2895\" data-is-last-node=\"\" data-is-only-node=\"\"><strong data-start=\"2830\" data-end=\"2847\">MARA BOUTIQUE<\/strong> no revelar\u00e1 los datos de los usuarios a terceros.<\/p>\t\t\t\t\t\t\t\t<\/div>\n\t\t\t\t\t<\/div>\n\t\t\t\t<\/div>\n\t\t<div class=\"elementor-element elementor-element-e33ce8c elementor-hidden-mobile e-flex e-con-boxed e-con e-parent\" data-id=\"e33ce8c\" data-element_type=\"container\" data-e-type=\"container\">\n\t\t\t\t\t<div class=\"e-con-inner\">\n\t\t<div class=\"elementor-element elementor-element-b379991 e-con-full post-image e-flex e-con e-child\" data-id=\"b379991\" data-element_type=\"container\" data-e-type=\"container\" data-settings=\"{&quot;background_background&quot;:&quot;classic&quot;}\">\n\t\t\t\t<\/div>\n\t\t<div class=\"elementor-element elementor-element-54c4460 e-con-full post-image elementor-hidden-mobile e-flex e-con e-child\" data-id=\"54c4460\" data-element_type=\"container\" data-e-type=\"container\" data-settings=\"{&quot;background_background&quot;:&quot;classic&quot;}\">\n\t\t\t\t<\/div>\n\t\t<div class=\"elementor-element elementor-element-b83f08b e-con-full post-image e-flex e-con e-child\" data-id=\"b83f08b\" data-element_type=\"container\" data-e-type=\"container\" data-settings=\"{&quot;background_background&quot;:&quot;classic&quot;}\">\n\t\t\t\t<\/div>\n\t\t<div class=\"elementor-element elementor-element-78b81b2 e-con-full post-image elementor-hidden-mobile e-flex e-con e-child\" data-id=\"78b81b2\" data-element_type=\"container\" data-e-type=\"container\" data-settings=\"{&quot;background_background&quot;:&quot;classic&quot;}\">\n\t\t\t\t<\/div>\n\t\t<div class=\"elementor-element elementor-element-05f3058 e-con-full post-image elementor-hidden-mobile e-flex e-con e-child\" data-id=\"05f3058\" data-element_type=\"container\" data-e-type=\"container\" data-settings=\"{&quot;background_background&quot;:&quot;classic&quot;}\">\n\t\t\t\t<\/div>\n\t\t\t\t\t<\/div>\n\t\t\t\t<\/div>\n\t\t\t\t<\/div>\n\t\t","protected":false},"excerpt":{"rendered":"<p>Apartamentos Mara Page Apartamentos Mara Benidorm Explora los apartamentos Mara Contacta con nosotros Confidencialidad y protecci\u00f3n de datos A los efectos previstos en la Ley Org\u00e1nica 15\/1999, de 13 de diciembre, de Protecci\u00f3n de Datos de Car\u00e1cter Personal, MARA BOUTIQUE informa al usuario de la existencia de un fichero automatizado de datos de car\u00e1cter personal, [&hellip;]<\/p>\n","protected":false},"author":2,"featured_media":0,"parent":0,"menu_order":0,"comment_status":"closed","ping_status":"closed","template":"","meta":{"_acf_changed":false,"_seopress_robots_primary_cat":"","_seopress_titles_title":"","_seopress_titles_desc":"","_seopress_robots_index":"s\u00ed","_uag_custom_page_level_css":"","footnotes":""},"class_list":["post-5654","page","type-page","status-publish","hentry"],"acf":[],"uagb_featured_image_src":{"full":false,"thumbnail":false,"medium":false,"medium_large":false,"large":false,"1536x1536":false,"2048x2048":false,"tp-image-grid":false},"uagb_author_info":{"display_name":"Vanessa","author_link":"https:\/\/www.maraboutiqueapartments.com\/es\/author\/vanessa\/"},"uagb_comment_info":0,"uagb_excerpt":"Apartamentos Mara Page Apartamentos Mara Benidorm Explora los apartamentos Mara Contacta con nosotros Confidencialidad y protecci\u00f3n de datos A los efectos previstos en la Ley Org\u00e1nica 15\/1999, de 13 de diciembre, de Protecci\u00f3n de Datos de Car\u00e1cter Personal, MARA BOUTIQUE informa al usuario de la existencia de un fichero automatizado de datos de car\u00e1cter personal,&hellip;","_links":{"self":[{"href":"https:\/\/www.maraboutiqueapartments.com\/es\/wp-json\/wp\/v2\/pages\/5654","targetHints":{"allow":["GET"]}}],"collection":[{"href":"https:\/\/www.maraboutiqueapartments.com\/es\/wp-json\/wp\/v2\/pages"}],"about":[{"href":"https:\/\/www.maraboutiqueapartments.com\/es\/wp-json\/wp\/v2\/types\/page"}],"author":[{"embeddable":true,"href":"https:\/\/www.maraboutiqueapartments.com\/es\/wp-json\/wp\/v2\/users\/2"}],"replies":[{"embeddable":true,"href":"https:\/\/www.maraboutiqueapartments.com\/es\/wp-json\/wp\/v2\/comments?post=5654"}],"version-history":[{"count":0,"href":"https:\/\/www.maraboutiqueapartments.com\/es\/wp-json\/wp\/v2\/pages\/5654\/revisions"}],"wp:attachment":[{"href":"https:\/\/www.maraboutiqueapartments.com\/es\/wp-json\/wp\/v2\/media?parent=5654"}],"curies":[{"name":"wp","href":"https:\/\/api.w.org\/{rel}","templated":true}]}}