{"id":5692,"date":"2025-09-30T13:04:04","date_gmt":"2025-09-30T11:04:04","guid":{"rendered":"https:\/\/www.maraboutiqueapartments.com\/politica-de-cookies\/"},"modified":"2025-11-05T11:09:52","modified_gmt":"2025-11-05T10:09:52","slug":"politica-de-cookies","status":"publish","type":"page","link":"https:\/\/www.maraboutiqueapartments.com\/es\/politica-de-cookies\/","title":{"rendered":"Pol\u00edtica de cookies"},"content":{"rendered":"\t\t<div data-elementor-type=\"wp-page\" data-elementor-id=\"5692\" class=\"elementor elementor-5692 elementor-5682\" data-elementor-post-type=\"page\">\n\t\t\t\t<div class=\"elementor-element elementor-element-25db506 e-flex e-con-boxed e-con e-parent\" data-id=\"25db506\" data-element_type=\"container\" data-e-type=\"container\">\n\t\t\t\t\t<div class=\"e-con-inner\">\n\t\t\t\t<div class=\"elementor-element elementor-element-0f2c760 elementor-widget elementor-widget-text-editor\" data-id=\"0f2c760\" data-element_type=\"widget\" data-e-type=\"widget\" data-widget_type=\"text-editor.default\">\n\t\t\t\t\t\t\t\t\tEn este sitio web utilizamos cookies propias y de terceros para fines anal\u00edticos, de personalizaci\u00f3n y t\u00e9cnicos.\nLas cookies son peque\u00f1os archivos que se descargan en tu dispositivo al navegar, con la finalidad de mejorar tu experiencia de usuario,\nelaborar estad\u00edsticas y recordar tus preferencias.\nPuedes aceptar todas las cookies, configurarlas o rechazarlas a trav\u00e9s del banner de consentimiento.\n<h3>1. \u00bfQu\u00e9 son las cookies?<\/h3>\nLas cookies son peque\u00f1os archivos de texto que los sitios web guardan en tu ordenador, m\u00f3vil u otro dispositivo al visitarlos.\nSirven para recordar tus preferencias, mejorar la navegaci\u00f3n o recopilar informaci\u00f3n an\u00f3nima de uso.\n<h3>2. Tipos de cookies que utilizamos<\/h3>\n<table style=\"width: 100%; border-collapse: collapse; border: 1px solid #ccc;\">\n<thead>\n<tr style=\"background: #f5f5f5;\">\n<th style=\"border: 1px solid #ccc; padding: 8px;\">Cookie<\/th>\n<th style=\"border: 1px solid #ccc; padding: 8px;\">Proveedor \/ Dominio<\/th>\n<th style=\"border: 1px solid #ccc; padding: 8px;\">Finalidad<\/th>\n<th style=\"border: 1px solid #ccc; padding: 8px;\">Duraci\u00f3n<\/th>\n<th style=\"border: 1px solid #ccc; padding: 8px;\">Tipo<\/th>\n<\/tr>\n<\/thead>\n<tbody>\n<tr>\n<td style=\"border: 1px solid #ccc; padding: 8px;\">ga \/ _ga \/ _ga_*<\/td>\n<td style=\"border: 1px solid #ccc; padding: 8px;\">Google Analytics (.wubook.net \/ .maraboutiqueapartments.com)<\/td>\n<td style=\"border: 1px solid #ccc; padding: 8px;\">Anal\u00edtica: distinguir usuarios y generar estad\u00edsticas de uso<\/td>\n<td style=\"border: 1px solid #ccc; padding: 8px;\">1-2 a\u00f1os<\/td>\n<td style=\"border: 1px solid #ccc; padding: 8px;\">Anal\u00edtica, terceros<\/td>\n<\/tr>\n<tr>\n<td style=\"border: 1px solid #ccc; padding: 8px;\">consent-policy<\/td>\n<td style=\"border: 1px solid #ccc; padding: 8px;\">.maraboutiqueapartments.com<\/td>\n<td style=\"border: 1px solid #ccc; padding: 8px;\">Guarda preferencias de consentimiento<\/td>\n<td style=\"border: 1px solid #ccc; padding: 8px;\">1 a\u00f1o<\/td>\n<td style=\"border: 1px solid #ccc; padding: 8px;\">T\u00e9cnica, propia<\/td>\n<\/tr>\n<tr>\n<td style=\"border: 1px solid #ccc; padding: 8px;\">moove_gdpr_popup<\/td>\n<td style=\"border: 1px solid #ccc; padding: 8px;\">www.maraboutiqueapartments.com<\/td>\n<td style=\"border: 1px solid #ccc; padding: 8px;\">Gestiona la aceptaci\u00f3n\/rechazo de cookies<\/td>\n<td style=\"border: 1px solid #ccc; padding: 8px;\">1 a\u00f1o<\/td>\n<td style=\"border: 1px solid #ccc; padding: 8px;\">T\u00e9cnica, propia<\/td>\n<\/tr>\n<tr>\n<td style=\"border: 1px solid #ccc; padding: 8px;\">svSession<\/td>\n<td style=\"border: 1px solid #ccc; padding: 8px;\">Wix (.maraboutiqueapartments.com)<\/td>\n<td style=\"border: 1px solid #ccc; padding: 8px;\">Identifica sesi\u00f3n del visitante y mejora seguridad<\/td>\n<td style=\"border: 1px solid #ccc; padding: 8px;\">2 a\u00f1os<\/td>\n<td style=\"border: 1px solid #ccc; padding: 8px;\">T\u00e9cnica, terceros<\/td>\n<\/tr>\n<tr>\n<td style=\"border: 1px solid #ccc; padding: 8px;\">wp-wpml_current_language<\/td>\n<td style=\"border: 1px solid #ccc; padding: 8px;\">WPML (www.maraboutiqueapartments.com)<\/td>\n<td style=\"border: 1px solid #ccc; padding: 8px;\">Almacena idioma actual de navegaci\u00f3n<\/td>\n<td style=\"border: 1px solid #ccc; padding: 8px;\">Sesi\u00f3n<\/td>\n<td style=\"border: 1px solid #ccc; padding: 8px;\">Personalizaci\u00f3n, propia<\/td>\n<\/tr>\n<\/tbody>\n<\/table>\n<h3>3. Consentimiento<\/h3>\n<span style=\"text-decoration: underline;\"><strong><a href=\"https:\/\/www.maraboutiqueapartments.com\/#gdpr_cookie_modal\">CLICA AQU\u00cd<\/a> <\/strong><\/span>PARA GESTIONAR LAS COOKIES\n\nAl acceder a este sitio web se muestra un aviso de cookies donde puedes aceptar todas, configurar tus preferencias o rechazar las no esenciales.\nTu consentimiento puede modificarse en cualquier momento a trav\u00e9s del banner o desde la configuraci\u00f3n de tu navegador.\n<h3>4. C\u00f3mo desactivar o eliminar cookies en tu navegador<\/h3>\n<ul>\n \t<li><a href=\"https:\/\/support.google.com\/chrome\/answer\/95647?hl=es\" target=\"_blank\" rel=\"noopener\">Google Chrome<\/a><\/li>\n \t<li><a href=\"https:\/\/support.mozilla.org\/es\/kb\/Borrar%20cookies\" target=\"_blank\" rel=\"noopener\">Mozilla Firefox<\/a><\/li>\n \t<li><a href=\"https:\/\/support.apple.com\/es-es\/guide\/safari\/sfri11471\/mac\" target=\"_blank\" rel=\"noopener\">Safari<\/a><\/li>\n \t<li><a href=\"https:\/\/support.microsoft.com\/es-es\/help\/4027947\/microsoft-edge-delete-cookies\" target=\"_blank\" rel=\"noopener\">Microsoft Edge<\/a><\/li>\n<\/ul>\n<h3>5. Actualizaciones<\/h3>\nEsta Pol\u00edtica de Cookies puede actualizarse para adaptarse a cambios normativos o t\u00e9cnicos.\nRecomendamos revisarla peri\u00f3dicamente.\t\t\t\t\t\t\t\t<\/div>\n\t\t\t\t<div class=\"elementor-element elementor-element-b6278f5 elementor-widget elementor-widget-heading\" data-id=\"b6278f5\" data-element_type=\"widget\" data-e-type=\"widget\" data-widget_type=\"heading.default\">\n\t\t\t\t\t<h1 class=\"elementor-heading-title elementor-size-default\">Pol\u00edtica de Cookies<\/h1>\t\t\t\t<\/div>\n\t\t\t\t\t<\/div>\n\t\t\t\t<\/div>\n\t\t\t\t<\/div>\n\t\t","protected":false},"excerpt":{"rendered":"<p>En este sitio web utilizamos cookies propias y de terceros para fines anal\u00edticos, de personalizaci\u00f3n y t\u00e9cnicos. Las cookies son peque\u00f1os archivos que se descargan en tu dispositivo al navegar, con la finalidad de mejorar tu experiencia de usuario, elaborar estad\u00edsticas y recordar tus preferencias. Puedes aceptar todas las cookies, configurarlas o rechazarlas a trav\u00e9s [&hellip;]<\/p>\n","protected":false},"author":1,"featured_media":0,"parent":0,"menu_order":0,"comment_status":"closed","ping_status":"closed","template":"","meta":{"_acf_changed":false,"_seopress_robots_primary_cat":"","_seopress_titles_title":"","_seopress_titles_desc":"","_seopress_robots_index":"","_uag_custom_page_level_css":"","footnotes":""},"class_list":["post-5692","page","type-page","status-publish","hentry"],"acf":[],"uagb_featured_image_src":{"full":false,"thumbnail":false,"medium":false,"medium_large":false,"large":false,"1536x1536":false,"2048x2048":false,"tp-image-grid":false},"uagb_author_info":{"display_name":"Michele","author_link":"https:\/\/www.maraboutiqueapartments.com\/es\/author\/michele\/"},"uagb_comment_info":0,"uagb_excerpt":"En este sitio web utilizamos cookies propias y de terceros para fines anal\u00edticos, de personalizaci\u00f3n y t\u00e9cnicos. Las cookies son peque\u00f1os archivos que se descargan en tu dispositivo al navegar, con la finalidad de mejorar tu experiencia de usuario, elaborar estad\u00edsticas y recordar tus preferencias. Puedes aceptar todas las cookies, configurarlas o rechazarlas a trav\u00e9s&hellip;","_links":{"self":[{"href":"https:\/\/www.maraboutiqueapartments.com\/es\/wp-json\/wp\/v2\/pages\/5692","targetHints":{"allow":["GET"]}}],"collection":[{"href":"https:\/\/www.maraboutiqueapartments.com\/es\/wp-json\/wp\/v2\/pages"}],"about":[{"href":"https:\/\/www.maraboutiqueapartments.com\/es\/wp-json\/wp\/v2\/types\/page"}],"author":[{"embeddable":true,"href":"https:\/\/www.maraboutiqueapartments.com\/es\/wp-json\/wp\/v2\/users\/1"}],"replies":[{"embeddable":true,"href":"https:\/\/www.maraboutiqueapartments.com\/es\/wp-json\/wp\/v2\/comments?post=5692"}],"version-history":[{"count":0,"href":"https:\/\/www.maraboutiqueapartments.com\/es\/wp-json\/wp\/v2\/pages\/5692\/revisions"}],"wp:attachment":[{"href":"https:\/\/www.maraboutiqueapartments.com\/es\/wp-json\/wp\/v2\/media?parent=5692"}],"curies":[{"name":"wp","href":"https:\/\/api.w.org\/{rel}","templated":true}]}}